{"id":23249,"date":"2023-01-25T00:40:42","date_gmt":"2023-01-25T00:40:42","guid":{"rendered":"https:\/\/dentinantalya.com\/a-propos-de-nous\/"},"modified":"2025-01-10T15:56:59","modified_gmt":"2025-01-10T15:56:59","slug":"a-propos-de-nous","status":"publish","type":"page","link":"https:\/\/dentinantalya.com\/fr\/a-propos-de-nous\/","title":{"rendered":"A propos de nous"},"content":{"rendered":"\t\t<div data-elementor-type=\"wp-page\" data-elementor-id=\"23249\" class=\"elementor elementor-23249\">\n\t\t\t\t\t\t<section class=\"elementor-section elementor-top-section elementor-element elementor-element-afa98d9 elementor-section-boxed elementor-section-height-default elementor-section-height-default sc_fly_static\" data-id=\"afa98d9\" data-element_type=\"section\">\n\t\t\t\t\t\t<div class=\"elementor-container elementor-column-gap-extended\">\n\t\t\t\t\t<div class=\"elementor-column elementor-col-100 elementor-top-column elementor-element elementor-element-da7431a sc_content_align_inherit sc_layouts_column_icons_position_left sc_fly_static\" data-id=\"da7431a\" data-element_type=\"column\">\n\t\t\t<div class=\"elementor-widget-wrap elementor-element-populated\">\n\t\t\t\t\t\t<div class=\"elementor-element elementor-element-696150e elementor-widget-tablet__width-initial sc_fly_static elementor-widget elementor-widget-spacer\" data-id=\"696150e\" data-element_type=\"widget\" data-widget_type=\"spacer.default\">\n\t\t\t\t<div class=\"elementor-widget-container\">\n\t\t\t\t\t\t\t<div class=\"elementor-spacer\">\n\t\t\t<div class=\"elementor-spacer-inner\"><\/div>\n\t\t<\/div>\n\t\t\t\t\t\t<\/div>\n\t\t\t\t<\/div>\n\t\t\t\t<div class=\"elementor-element elementor-element-ad8c45e sc_fly_static elementor-widget elementor-widget-heading\" data-id=\"ad8c45e\" data-element_type=\"widget\" data-widget_type=\"heading.default\">\n\t\t\t\t<div class=\"elementor-widget-container\">\n\t\t\t\t\t<h1 class=\"elementor-heading-title elementor-size-default\">A propos de nous<\/h1>\t\t\t\t<\/div>\n\t\t\t\t<\/div>\n\t\t\t\t<div class=\"elementor-element elementor-element-27ff1e6 sc_height_medium sc_fly_static elementor-widget elementor-widget-spacer\" data-id=\"27ff1e6\" data-element_type=\"widget\" data-widget_type=\"spacer.default\">\n\t\t\t\t<div class=\"elementor-widget-container\">\n\t\t\t\t\t\t\t<div class=\"elementor-spacer\">\n\t\t\t<div class=\"elementor-spacer-inner\"><\/div>\n\t\t<\/div>\n\t\t\t\t\t\t<\/div>\n\t\t\t\t<\/div>\n\t\t\t\t\t<\/div>\n\t\t<\/div>\n\t\t\t\t\t<\/div>\n\t\t<\/section>\n\t\t\t\t<section class=\"elementor-section elementor-top-section elementor-element elementor-element-eed61ea elementor-section-boxed elementor-section-height-default elementor-section-height-default sc_fly_static\" data-id=\"eed61ea\" data-element_type=\"section\">\n\t\t\t\t\t\t<div class=\"elementor-container elementor-column-gap-no\">\n\t\t\t\t\t<div class=\"elementor-column elementor-col-50 elementor-top-column elementor-element elementor-element-68137d3 sc_content_align_inherit sc_layouts_column_icons_position_left sc_fly_static\" data-id=\"68137d3\" data-element_type=\"column\" data-settings=\"{&quot;background_background&quot;:&quot;classic&quot;}\">\n\t\t\t<div class=\"elementor-widget-wrap elementor-element-populated\">\n\t\t\t\t\t\t<div class=\"elementor-element elementor-element-0b109c7 elementor-widget-tablet__width-initial sc_fly_static elementor-widget elementor-widget-spacer\" data-id=\"0b109c7\" data-element_type=\"widget\" data-widget_type=\"spacer.default\">\n\t\t\t\t<div class=\"elementor-widget-container\">\n\t\t\t\t\t\t\t<div class=\"elementor-spacer\">\n\t\t\t<div class=\"elementor-spacer-inner\"><\/div>\n\t\t<\/div>\n\t\t\t\t\t\t<\/div>\n\t\t\t\t<\/div>\n\t\t\t\t\t<\/div>\n\t\t<\/div>\n\t\t\t\t<div class=\"elementor-column elementor-col-50 elementor-top-column elementor-element elementor-element-98e2037 sc_content_align_inherit sc_layouts_column_icons_position_left sc_fly_static\" data-id=\"98e2037\" data-element_type=\"column\">\n\t\t\t<div class=\"elementor-widget-wrap elementor-element-populated\">\n\t\t\t\t\t\t<div class=\"elementor-element elementor-element-04f5267 sc_height_medium sc_fly_static elementor-widget elementor-widget-spacer\" data-id=\"04f5267\" data-element_type=\"widget\" data-widget_type=\"spacer.default\">\n\t\t\t\t<div class=\"elementor-widget-container\">\n\t\t\t\t\t\t\t<div class=\"elementor-spacer\">\n\t\t\t<div class=\"elementor-spacer-inner\"><\/div>\n\t\t<\/div>\n\t\t\t\t\t\t<\/div>\n\t\t\t\t<\/div>\n\t\t\t\t<div class=\"elementor-element elementor-element-289305e elementor-widget-tablet__width-initial sc_fly_static elementor-widget elementor-widget-text-editor\" data-id=\"289305e\" data-element_type=\"widget\" data-widget_type=\"text-editor.default\">\n\t\t\t\t<div class=\"elementor-widget-container\">\n\t\t\t\t\t\t\t\t\t<p>Antalya est la perle de la M\u00e9diterran\u00e9e et le centre de vacances le plus populaire. C&rsquo;est l&rsquo;occasion pour vous de passer de merveilleuses vacances tout en b\u00e9n\u00e9ficiant de soins dentaires. Gr\u00e2ce \u00e0 nos prix abordables, vous pouvez \u00eatre s\u00fbr que vos vacances ou vos soins dentaires seront gratuits. Les traitements effectu\u00e9s dans nos cliniques co\u00fbtent environ 80 % de moins qu&rsquo;en Europe. Cela s&rsquo;explique par des co\u00fbts de main-d&rsquo;\u0153uvre et d&rsquo;intrants moins \u00e9lev\u00e9s, bien que la qualit\u00e9 et les mat\u00e9riaux utilis\u00e9s soient exactement les m\u00eames qu&rsquo;en Europe.<\/p>\n\t\t\t\t\t\t\t\t<\/div>\n\t\t\t\t<\/div>\n\t\t\t\t<div class=\"elementor-element elementor-element-6222e35 sc_height_medium sc_fly_static elementor-widget elementor-widget-spacer\" data-id=\"6222e35\" data-element_type=\"widget\" data-widget_type=\"spacer.default\">\n\t\t\t\t<div class=\"elementor-widget-container\">\n\t\t\t\t\t\t\t<div class=\"elementor-spacer\">\n\t\t\t<div class=\"elementor-spacer-inner\"><\/div>\n\t\t<\/div>\n\t\t\t\t\t\t<\/div>\n\t\t\t\t<\/div>\n\t\t\t\t\t<\/div>\n\t\t<\/div>\n\t\t\t\t\t<\/div>\n\t\t<\/section>\n\t\t\t\t<section class=\"elementor-section elementor-top-section elementor-element elementor-element-9f1ec0b elementor-section-boxed elementor-section-height-default elementor-section-height-default sc_fly_static\" data-id=\"9f1ec0b\" data-element_type=\"section\">\n\t\t\t\t\t\t<div class=\"elementor-container elementor-column-gap-extended\">\n\t\t\t\t\t<div class=\"elementor-column elementor-col-100 elementor-top-column elementor-element elementor-element-aea2b39 sc_content_align_inherit sc_layouts_column_icons_position_left sc_fly_static\" data-id=\"aea2b39\" data-element_type=\"column\">\n\t\t\t<div class=\"elementor-widget-wrap\">\n\t\t\t\t\t\t\t<\/div>\n\t\t<\/div>\n\t\t\t\t\t<\/div>\n\t\t<\/section>\n\t\t\t\t<section class=\"elementor-section elementor-top-section elementor-element elementor-element-144f3d79 elementor-section-content-middle scheme_light elementor-section-boxed elementor-section-height-default elementor-section-height-default sc_fly_static\" data-id=\"144f3d79\" data-element_type=\"section\" data-settings=\"{&quot;background_background&quot;:&quot;classic&quot;}\">\n\t\t\t\t\t\t<div class=\"elementor-container elementor-column-gap-extended\">\n\t\t\t\t\t<div class=\"elementor-column elementor-col-50 elementor-top-column elementor-element elementor-element-da2a9e7 sc_content_align_inherit sc_layouts_column_icons_position_left sc_fly_static\" data-id=\"da2a9e7\" data-element_type=\"column\">\n\t\t\t<div class=\"elementor-widget-wrap elementor-element-populated\">\n\t\t\t\t\t\t<div class=\"elementor-element elementor-element-cab7b37 sc_height_medium sc_fly_static elementor-widget elementor-widget-spacer\" data-id=\"cab7b37\" data-element_type=\"widget\" data-widget_type=\"spacer.default\">\n\t\t\t\t<div class=\"elementor-widget-container\">\n\t\t\t\t\t\t\t<div class=\"elementor-spacer\">\n\t\t\t<div class=\"elementor-spacer-inner\"><\/div>\n\t\t<\/div>\n\t\t\t\t\t\t<\/div>\n\t\t\t\t<\/div>\n\t\t\t\t<div class=\"elementor-element elementor-element-7f35d1f sc_fly_static elementor-widget elementor-widget-text-editor\" data-id=\"7f35d1f\" data-element_type=\"widget\" data-widget_type=\"text-editor.default\">\n\t\t\t\t<div class=\"elementor-widget-container\">\n\t\t\t\t\t\t\t\t\t<p>Comme dans de nombreux secteurs de la sant\u00e9, de nombreux patients turcs et \u00e9trangers viennent dans notre pays pour recevoir des soins dentaires. Les traitements dentaires en Turquie sont effectu\u00e9s par des m\u00e9decins exp\u00e9riment\u00e9s, avec une technologie de pointe et une qualit\u00e9 de service aux normes europ\u00e9ennes, \u00e0 des prix beaucoup plus raisonnables que dans les pays europ\u00e9ens. En un temps beaucoup plus court, pendant que vous \u00eates en vacances, vos traitements dentaires sont men\u00e9s \u00e0 bien.<\/p>\n<p>Les patients qui souhaitent obtenir des informations sur les prix des traitements avant de se rendre \u00e0 notre clinique peuvent nous envoyer leurs radiographies et leurs demandes \u00e0 partir de la section \u00ab\u00a0plan de traitement\u00a0\u00bb de notre site web. Suite \u00e0 vos radiographies, vous serez contact\u00e9 d\u00e8s que possible pour conna\u00eetre le plan de traitement, la dur\u00e9e du traitement et le prix total. Avec un pr\u00e9avis, nous organisons le transfert de nos patients de l&rsquo;a\u00e9roport \u00e0 leurs h\u00f4tels et cliniques. En outre, nos patients peuvent s\u00e9journer dans nos h\u00f4tels et appartements trois, quatre et cinq \u00e9toiles \u00e0 des prix avantageux.<\/p>\n\t\t\t\t\t\t\t\t<\/div>\n\t\t\t\t<\/div>\n\t\t\t\t<div class=\"elementor-element elementor-element-1a2b2662 sc_fly_static elementor-widget elementor-widget-spacer\" data-id=\"1a2b2662\" data-element_type=\"widget\" data-widget_type=\"spacer.default\">\n\t\t\t\t<div class=\"elementor-widget-container\">\n\t\t\t\t\t\t\t<div class=\"elementor-spacer\">\n\t\t\t<div class=\"elementor-spacer-inner\"><\/div>\n\t\t<\/div>\n\t\t\t\t\t\t<\/div>\n\t\t\t\t<\/div>\n\t\t\t\t\t<\/div>\n\t\t<\/div>\n\t\t\t\t<div class=\"elementor-column elementor-col-50 elementor-top-column elementor-element elementor-element-38a9bf52 sc_content_align_inherit sc_layouts_column_icons_position_left sc_fly_static\" data-id=\"38a9bf52\" data-element_type=\"column\">\n\t\t\t<div class=\"elementor-widget-wrap elementor-element-populated\">\n\t\t\t\t\t\t<section class=\"elementor-section elementor-inner-section elementor-element elementor-element-76c32279 elementor-section-boxed elementor-section-height-default elementor-section-height-default sc_fly_static\" data-id=\"76c32279\" data-element_type=\"section\">\n\t\t\t\t\t\t<div class=\"elementor-container elementor-column-gap-no\">\n\t\t\t\t\t<div class=\"elementor-column elementor-col-50 elementor-inner-column elementor-element elementor-element-3af476c6 sc_content_align_inherit sc_layouts_column_icons_position_left sc_fly_static\" data-id=\"3af476c6\" data-element_type=\"column\">\n\t\t\t<div class=\"elementor-widget-wrap elementor-element-populated\">\n\t\t\t\t\t\t<div class=\"elementor-element elementor-element-4fedfaf5 no-title sc_fly_static elementor-widget elementor-widget-image\" data-id=\"4fedfaf5\" data-element_type=\"widget\" data-widget_type=\"image.default\">\n\t\t\t\t<div class=\"elementor-widget-container\">\n\t\t\t\t\t\t\t\t\t\t\t\t\t\t\t<img decoding=\"async\" src=\"https:\/\/dentinantalya.com\/wp-content\/uploads\/elementor\/thumbs\/about-image3-copyright-qxv83ipotzs550f9yogjg0zkbg7smgr4ymzd1nrdzi.jpg\" title=\"about-image3-copyright\" alt=\"about-image3-copyright\" loading=\"lazy\" \/>\t\t\t\t\t\t\t\t\t\t\t\t\t\t\t<\/div>\n\t\t\t\t<\/div>\n\t\t\t\t\t<\/div>\n\t\t<\/div>\n\t\t\t\t<div class=\"elementor-column elementor-col-50 elementor-inner-column elementor-element elementor-element-6baf4a0c sc_content_align_inherit sc_layouts_column_icons_position_left sc_fly_static\" data-id=\"6baf4a0c\" data-element_type=\"column\">\n\t\t\t<div class=\"elementor-widget-wrap elementor-element-populated\">\n\t\t\t\t\t\t<div class=\"elementor-element elementor-element-637847f9 no-title sc_fly_static elementor-widget elementor-widget-image\" data-id=\"637847f9\" data-element_type=\"widget\" data-widget_type=\"image.default\">\n\t\t\t\t<div class=\"elementor-widget-container\">\n\t\t\t\t\t\t\t\t\t\t\t\t\t\t\t<img decoding=\"async\" src=\"https:\/\/dentinantalya.com\/wp-content\/uploads\/elementor\/thumbs\/about-image2-copyright-qxv83fw7lqcr28h8kfvqqxr354d6orn5exgp643uh8.jpg\" title=\"about-image2-copyright\" alt=\"about-image2-copyright\" loading=\"lazy\" \/>\t\t\t\t\t\t\t\t\t\t\t\t\t\t\t<\/div>\n\t\t\t\t<\/div>\n\t\t\t\t<div class=\"elementor-element elementor-element-5d3a83c9 sc_layouts_hide_on_mobile sc_fly_static elementor-widget elementor-widget-spacer\" data-id=\"5d3a83c9\" data-element_type=\"widget\" data-widget_type=\"spacer.default\">\n\t\t\t\t<div class=\"elementor-widget-container\">\n\t\t\t\t\t\t\t<div class=\"elementor-spacer\">\n\t\t\t<div class=\"elementor-spacer-inner\"><\/div>\n\t\t<\/div>\n\t\t\t\t\t\t<\/div>\n\t\t\t\t<\/div>\n\t\t\t\t\t<\/div>\n\t\t<\/div>\n\t\t\t\t\t<\/div>\n\t\t<\/section>\n\t\t\t\t\t<\/div>\n\t\t<\/div>\n\t\t\t\t\t<\/div>\n\t\t<\/section>\n\t\t\t\t<section class=\"elementor-section elementor-top-section elementor-element elementor-element-58fcdda elementor-section-boxed elementor-section-height-default elementor-section-height-default sc_fly_static\" data-id=\"58fcdda\" data-element_type=\"section\">\n\t\t\t\t\t\t<div class=\"elementor-container elementor-column-gap-extended\">\n\t\t\t\t\t<div class=\"elementor-column elementor-col-100 elementor-top-column elementor-element elementor-element-8a8350e sc_content_align_inherit sc_layouts_column_icons_position_left sc_fly_static\" data-id=\"8a8350e\" data-element_type=\"column\">\n\t\t\t<div class=\"elementor-widget-wrap elementor-element-populated\">\n\t\t\t\t\t\t<div class=\"elementor-element elementor-element-e162b55 sc_height_small sc_fly_static elementor-widget elementor-widget-spacer\" data-id=\"e162b55\" data-element_type=\"widget\" data-widget_type=\"spacer.default\">\n\t\t\t\t<div class=\"elementor-widget-container\">\n\t\t\t\t\t\t\t<div class=\"elementor-spacer\">\n\t\t\t<div class=\"elementor-spacer-inner\"><\/div>\n\t\t<\/div>\n\t\t\t\t\t\t<\/div>\n\t\t\t\t<\/div>\n\t\t\t\t<div class=\"elementor-element elementor-element-c2a6f31 elementor-widget-tablet__width-initial sc_fly_static elementor-widget elementor-widget-text-editor\" data-id=\"c2a6f31\" data-element_type=\"widget\" data-widget_type=\"text-editor.default\">\n\t\t\t\t<div class=\"elementor-widget-container\">\n\t\t\t\t\t\t\t\t\t<p>Tous les consommables, la porcelaine et les implants que nous utilisons dans notre clinique sont des produits allemands et am\u00e9ricains et sont sous notre garantie. Nous offrons une garantie de 5 ans sur toutes les couronnes et proth\u00e8ses en porcelaine (sauf erreur d&rsquo;utilisation) et une garantie de 30 ans sur les implants.<\/p>\n<p><strong>La dur\u00e9e du traitement est d&rsquo;environ<\/strong><\/p>\n<ul>\n<li>5-7 jours pour les couronnes-ponts-circoniums<\/li>\n<li>5-7 jours pour les proth\u00e8ses compl\u00e8tes<\/li>\n<li>3 jours pour l&rsquo;op\u00e9ration d&rsquo;implantation<\/li>\n<\/ul>\n<p>Gr\u00e2ce \u00e0 nos 25 ans d&rsquo;exp\u00e9rience et \u00e0 notre laboratoire, les dents les plus esth\u00e9tiques seront finies et pos\u00e9es apr\u00e8s votre approbation. Gr\u00e2ce \u00e0 la coop\u00e9ration du patient, du m\u00e9decin et du technicien de laboratoire \u00e0 chaque \u00e9tape de la construction des dents, les dents les plus compatibles avec votre visage verront le jour.<\/p>\n<p>Notre objectif est de rendre le processus de traitement plus efficace et plus agr\u00e9able, de vous permettre de passer vos vacances annuelles dans la richesse naturelle d&rsquo;Antalya et de rentrer chez vous heureux, avec des dents belles et saines. Notre slogan : \u00ab\u00a0VOTRE SOURIRE EST NOTRE BONHEUR\u00a0\u00bb.<\/p>\n<p><strong>Dentiste Halile KEM\u0130K\u00c7\u0130O\u011eLU<\/strong><\/p>\n<p>Manavgat \/ ANTALYA<\/p>\n\t\t\t\t\t\t\t\t<\/div>\n\t\t\t\t<\/div>\n\t\t\t\t<div class=\"elementor-element elementor-element-bb9753c sc_fly_static elementor-widget elementor-widget-spacer\" data-id=\"bb9753c\" data-element_type=\"widget\" data-widget_type=\"spacer.default\">\n\t\t\t\t<div class=\"elementor-widget-container\">\n\t\t\t\t\t\t\t<div class=\"elementor-spacer\">\n\t\t\t<div class=\"elementor-spacer-inner\"><\/div>\n\t\t<\/div>\n\t\t\t\t\t\t<\/div>\n\t\t\t\t<\/div>\n\t\t\t\t<div class=\"elementor-element elementor-element-d452476 sc_height_small sc_fly_static elementor-widget elementor-widget-spacer\" data-id=\"d452476\" data-element_type=\"widget\" data-widget_type=\"spacer.default\">\n\t\t\t\t<div class=\"elementor-widget-container\">\n\t\t\t\t\t\t\t<div class=\"elementor-spacer\">\n\t\t\t<div class=\"elementor-spacer-inner\"><\/div>\n\t\t<\/div>\n\t\t\t\t\t\t<\/div>\n\t\t\t\t<\/div>\n\t\t\t\t<div class=\"elementor-element elementor-element-9b8ac60 sc_height_huge sc_fly_static elementor-widget elementor-widget-spacer\" data-id=\"9b8ac60\" data-element_type=\"widget\" data-widget_type=\"spacer.default\">\n\t\t\t\t<div class=\"elementor-widget-container\">\n\t\t\t\t\t\t\t<div class=\"elementor-spacer\">\n\t\t\t<div class=\"elementor-spacer-inner\"><\/div>\n\t\t<\/div>\n\t\t\t\t\t\t<\/div>\n\t\t\t\t<\/div>\n\t\t\t\t<div class=\"elementor-element elementor-element-799483a sc_fly_static elementor-widget elementor-widget-spacer\" data-id=\"799483a\" data-element_type=\"widget\" data-widget_type=\"spacer.default\">\n\t\t\t\t<div class=\"elementor-widget-container\">\n\t\t\t\t\t\t\t<div class=\"elementor-spacer\">\n\t\t\t<div class=\"elementor-spacer-inner\"><\/div>\n\t\t<\/div>\n\t\t\t\t\t\t<\/div>\n\t\t\t\t<\/div>\n\t\t\t\t\t<\/div>\n\t\t<\/div>\n\t\t\t\t\t<\/div>\n\t\t<\/section>\n\t\t\t\t<\/div>\n\t\t","protected":false},"excerpt":{"rendered":"<p>A propos de nous Antalya est la perle de la M\u00e9diterran\u00e9e et le centre de vacances le plus populaire. C&rsquo;est l&rsquo;occasion pour vous de passer de merveilleuses vacances tout en&hellip;<\/p>\n","protected":false},"author":1,"featured_media":0,"parent":0,"menu_order":0,"comment_status":"closed","ping_status":"closed","template":"","meta":{"footnotes":""},"class_list":["post-23249","page","type-page","status-publish","hentry"],"_links":{"self":[{"href":"https:\/\/dentinantalya.com\/fr\/wp-json\/wp\/v2\/pages\/23249","targetHints":{"allow":["GET"]}}],"collection":[{"href":"https:\/\/dentinantalya.com\/fr\/wp-json\/wp\/v2\/pages"}],"about":[{"href":"https:\/\/dentinantalya.com\/fr\/wp-json\/wp\/v2\/types\/page"}],"author":[{"embeddable":true,"href":"https:\/\/dentinantalya.com\/fr\/wp-json\/wp\/v2\/users\/1"}],"replies":[{"embeddable":true,"href":"https:\/\/dentinantalya.com\/fr\/wp-json\/wp\/v2\/comments?post=23249"}],"version-history":[{"count":1,"href":"https:\/\/dentinantalya.com\/fr\/wp-json\/wp\/v2\/pages\/23249\/revisions"}],"predecessor-version":[{"id":23252,"href":"https:\/\/dentinantalya.com\/fr\/wp-json\/wp\/v2\/pages\/23249\/revisions\/23252"}],"wp:attachment":[{"href":"https:\/\/dentinantalya.com\/fr\/wp-json\/wp\/v2\/media?parent=23249"}],"curies":[{"name":"wp","href":"https:\/\/api.w.org\/{rel}","templated":true}]}}