{"id":23247,"date":"2023-01-24T22:58:55","date_gmt":"2023-01-24T22:58:55","guid":{"rendered":"https:\/\/dentinantalya.com\/questions-frequemment-posees\/"},"modified":"2025-01-10T15:56:58","modified_gmt":"2025-01-10T15:56:58","slug":"questions-frequemment-posees","status":"publish","type":"page","link":"https:\/\/dentinantalya.com\/fr\/questions-frequemment-posees\/","title":{"rendered":"Questions fr\u00e9quemment pos\u00e9es"},"content":{"rendered":"\t\t<div data-elementor-type=\"wp-page\" data-elementor-id=\"23247\" class=\"elementor elementor-23247\">\n\t\t\t\t\t\t<section class=\"elementor-section elementor-top-section elementor-element elementor-element-35289c1e elementor-section-boxed elementor-section-height-default elementor-section-height-default sc_fly_static\" data-id=\"35289c1e\" data-element_type=\"section\">\n\t\t\t\t\t\t<div class=\"elementor-container elementor-column-gap-extended\">\n\t\t\t\t\t<div class=\"elementor-column elementor-col-100 elementor-top-column elementor-element elementor-element-6d152400 sc_content_align_inherit sc_layouts_column_icons_position_left sc_fly_static\" data-id=\"6d152400\" data-element_type=\"column\">\n\t\t\t<div class=\"elementor-widget-wrap elementor-element-populated\">\n\t\t\t\t\t\t<div class=\"elementor-element elementor-element-a0d94c7 sc_fly_static elementor-widget elementor-widget-spacer\" data-id=\"a0d94c7\" data-element_type=\"widget\" data-widget_type=\"spacer.default\">\n\t\t\t\t<div class=\"elementor-widget-container\">\n\t\t\t\t\t\t\t<div class=\"elementor-spacer\">\n\t\t\t<div class=\"elementor-spacer-inner\"><\/div>\n\t\t<\/div>\n\t\t\t\t\t\t<\/div>\n\t\t\t\t<\/div>\n\t\t\t\t\t<\/div>\n\t\t<\/div>\n\t\t\t\t\t<\/div>\n\t\t<\/section>\n\t\t\t\t<section class=\"elementor-section elementor-top-section elementor-element elementor-element-1ad8dd34 elementor-section-boxed elementor-section-height-default elementor-section-height-default sc_fly_static\" data-id=\"1ad8dd34\" data-element_type=\"section\">\n\t\t\t\t\t\t<div class=\"elementor-container elementor-column-gap-extended\">\n\t\t\t\t\t<div class=\"elementor-column elementor-col-25 elementor-top-column elementor-element elementor-element-2e2da2eb sc_content_align_inherit sc_layouts_column_icons_position_left sc_fly_static\" data-id=\"2e2da2eb\" data-element_type=\"column\">\n\t\t\t<div class=\"elementor-widget-wrap\">\n\t\t\t\t\t\t\t<\/div>\n\t\t<\/div>\n\t\t\t\t<div class=\"elementor-column elementor-col-50 elementor-top-column elementor-element elementor-element-339d5ab5 sc_content_align_inherit sc_layouts_column_icons_position_left sc_fly_static\" data-id=\"339d5ab5\" data-element_type=\"column\">\n\t\t\t<div class=\"elementor-widget-wrap elementor-element-populated\">\n\t\t\t\t\t\t<div class=\"elementor-element elementor-element-3b4d43da sc_fly_static elementor-widget elementor-widget-toggle\" data-id=\"3b4d43da\" data-element_type=\"widget\" data-widget_type=\"toggle.default\">\n\t\t\t\t<div class=\"elementor-widget-container\">\n\t\t\t\t\t\t\t<div class=\"elementor-toggle\">\n\t\t\t\t\t\t\t<div class=\"elementor-toggle-item\">\n\t\t\t\t\t<h4 id=\"elementor-tab-title-9941\" class=\"elementor-tab-title\" data-tab=\"1\" role=\"button\" aria-controls=\"elementor-tab-content-9941\" aria-expanded=\"false\">\n\t\t\t\t\t\t\t\t\t\t\t\t<span class=\"elementor-toggle-icon elementor-toggle-icon-right\" aria-hidden=\"true\">\n\t\t\t\t\t\t\t\t\t\t\t\t\t\t\t<span class=\"elementor-toggle-icon-closed\"><i class=\"fas fa-plus\"><\/i><\/span>\n\t\t\t\t\t\t\t\t<span class=\"elementor-toggle-icon-opened\"><i class=\"elementor-toggle-icon-opened fas fa-minus\"><\/i><\/span>\n\t\t\t\t\t\t\t\t\t\t\t\t\t<\/span>\n\t\t\t\t\t\t\t\t\t\t\t\t<a class=\"elementor-toggle-title\" tabindex=\"0\">Tous les dentistes peuvent-ils poser des implants ?<\/a>\n\t\t\t\t\t<\/h4>\n\n\t\t\t\t\t<div id=\"elementor-tab-content-9941\" class=\"elementor-tab-content elementor-clearfix\" data-tab=\"1\" role=\"region\" aria-labelledby=\"elementor-tab-title-9941\"><p>La formation sur les implants est dispens\u00e9e dans le cadre de divers cours et de formations universitaires. Les dentistes concern\u00e9s se perfectionnent en suivant cette formation. De nos jours, les implants sont devenus un \u00e9l\u00e9ment incontournable de la dentisterie. Ne doutez pas que vous utiliserez les implants que vous aurez fabriqu\u00e9s dans des conditions st\u00e9riles avec une \u00e9quipe exp\u00e9riment\u00e9e et performante depuis de nombreuses ann\u00e9es.<\/p>\n<\/div>\n\t\t\t\t<\/div>\n\t\t\t\t\t\t\t<div class=\"elementor-toggle-item\">\n\t\t\t\t\t<h4 id=\"elementor-tab-title-9942\" class=\"elementor-tab-title\" data-tab=\"2\" role=\"button\" aria-controls=\"elementor-tab-content-9942\" aria-expanded=\"false\">\n\t\t\t\t\t\t\t\t\t\t\t\t<span class=\"elementor-toggle-icon elementor-toggle-icon-right\" aria-hidden=\"true\">\n\t\t\t\t\t\t\t\t\t\t\t\t\t\t\t<span class=\"elementor-toggle-icon-closed\"><i class=\"fas fa-plus\"><\/i><\/span>\n\t\t\t\t\t\t\t\t<span class=\"elementor-toggle-icon-opened\"><i class=\"elementor-toggle-icon-opened fas fa-minus\"><\/i><\/span>\n\t\t\t\t\t\t\t\t\t\t\t\t\t<\/span>\n\t\t\t\t\t\t\t\t\t\t\t\t<a class=\"elementor-toggle-title\" tabindex=\"0\">Ce que vous devez savoir sur les dents de votre b\u00e9b\u00e9<\/a>\n\t\t\t\t\t<\/h4>\n\n\t\t\t\t\t<div id=\"elementor-tab-content-9942\" class=\"elementor-tab-content elementor-clearfix\" data-tab=\"2\" role=\"region\" aria-labelledby=\"elementor-tab-title-9942\"><p>Les premi\u00e8res dents des b\u00e9b\u00e9s apparaissent g\u00e9n\u00e9ralement entre 6 et 8 mois. Et ils ont 20 dents au total \u00e0 l&rsquo;\u00e2ge de 2,5 \u00e0 3 ans. Apr\u00e8s cet \u00e2ge, l&rsquo;habitude de se brosser les dents doit \u00eatre introduite progressivement avec votre aide.<\/p>\n<p>Les dents de lait doivent \u00eatre soign\u00e9es en cas de carie, car elles serviront de guide pour les dents d\u00e9finitives. Il ne faut pas oublier qu&rsquo;elle peut entra\u00eener des dents tordues, un mauvais d\u00e9veloppement de la m\u00e2choire et des probl\u00e8mes de sant\u00e9 g\u00e9n\u00e9raux (rhumatismes, maladies cardiaques, etc.) \u00e0 l&rsquo;avenir. Il est \u00e9galement utile d&rsquo;appliquer la farine par voie topique tous les 6 mois \u00e0 titre pr\u00e9ventif.<\/p>\n<\/div>\n\t\t\t\t<\/div>\n\t\t\t\t\t\t\t<div class=\"elementor-toggle-item\">\n\t\t\t\t\t<h4 id=\"elementor-tab-title-9943\" class=\"elementor-tab-title\" data-tab=\"3\" role=\"button\" aria-controls=\"elementor-tab-content-9943\" aria-expanded=\"false\">\n\t\t\t\t\t\t\t\t\t\t\t\t<span class=\"elementor-toggle-icon elementor-toggle-icon-right\" aria-hidden=\"true\">\n\t\t\t\t\t\t\t\t\t\t\t\t\t\t\t<span class=\"elementor-toggle-icon-closed\"><i class=\"fas fa-plus\"><\/i><\/span>\n\t\t\t\t\t\t\t\t<span class=\"elementor-toggle-icon-opened\"><i class=\"elementor-toggle-icon-opened fas fa-minus\"><\/i><\/span>\n\t\t\t\t\t\t\t\t\t\t\t\t\t<\/span>\n\t\t\t\t\t\t\t\t\t\t\t\t<a class=\"elementor-toggle-title\" tabindex=\"0\">Que dois-je faire si je grince des dents en dormant ?<\/a>\n\t\t\t\t\t<\/h4>\n\n\t\t\t\t\t<div id=\"elementor-tab-content-9943\" class=\"elementor-tab-content elementor-clearfix\" data-tab=\"3\" role=\"region\" aria-labelledby=\"elementor-tab-title-9943\"><p>Le grincement ou le serrement des dents (bruxisme) exerce une pression excessive sur les dents, ce qui entra\u00eene une usure et un raccourcissement de la longueur des couronnes des dents, ainsi qu&rsquo;une sensibilit\u00e9 au froid et au chaud.<\/p>\n<p>En outre, une fatigue de la m\u00e2choire, des douleurs articulaires et des acouph\u00e8nes peuvent \u00eatre ressentis au r\u00e9veil. Ce probl\u00e8me peut \u00eatre \u00e9vit\u00e9 gr\u00e2ce \u00e0 un appareil sp\u00e9cial pr\u00e9par\u00e9 par votre dentiste.<\/p>\n<\/div>\n\t\t\t\t<\/div>\n\t\t\t\t\t\t\t<div class=\"elementor-toggle-item\">\n\t\t\t\t\t<h4 id=\"elementor-tab-title-9944\" class=\"elementor-tab-title\" data-tab=\"4\" role=\"button\" aria-controls=\"elementor-tab-content-9944\" aria-expanded=\"false\">\n\t\t\t\t\t\t\t\t\t\t\t\t<span class=\"elementor-toggle-icon elementor-toggle-icon-right\" aria-hidden=\"true\">\n\t\t\t\t\t\t\t\t\t\t\t\t\t\t\t<span class=\"elementor-toggle-icon-closed\"><i class=\"fas fa-plus\"><\/i><\/span>\n\t\t\t\t\t\t\t\t<span class=\"elementor-toggle-icon-opened\"><i class=\"elementor-toggle-icon-opened fas fa-minus\"><\/i><\/span>\n\t\t\t\t\t\t\t\t\t\t\t\t\t<\/span>\n\t\t\t\t\t\t\t\t\t\t\t\t<a class=\"elementor-toggle-title\" tabindex=\"0\">Comment \u00e9liminer l'odeur de la mauvaise haleine ?<\/a>\n\t\t\t\t\t<\/h4>\n\n\t\t\t\t\t<div id=\"elementor-tab-content-9944\" class=\"elementor-tab-content elementor-clearfix\" data-tab=\"4\" role=\"region\" aria-labelledby=\"elementor-tab-title-9944\"><ul>\n<li>Les caries dentaires et les maladies des gencives doivent \u00eatre trait\u00e9es.<\/li>\n<li>Les caries enfouies et profond\u00e9ment enracin\u00e9es doivent \u00eatre \u00e9limin\u00e9es.<\/li>\n<li>Toutes les surfaces des dents et le dos de la langue doivent \u00eatre bien bross\u00e9s.<\/li>\n<li>En cas de s\u00e9cheresse buccale, la cause doit \u00eatre trouv\u00e9e et \u00e9limin\u00e9e.<\/li>\n<li>L&rsquo;alcool et le tabac doivent \u00eatre arr\u00eat\u00e9s.<\/li>\n<\/ul>\n<p><strong>Si vous avez toujours mauvaise haleine apr\u00e8s ces interventions, il convient de rechercher d&rsquo;autres causes ;<\/strong><\/p>\n<ul>\n<li>Autres infections des sinus et des poumons<\/li>\n<li>Diab\u00e8te<\/li>\n<li>Insuffisance r\u00e9nale<\/li>\n<li>Trouble du m\u00e9tabolisme<\/li>\n<li>Insuffisance h\u00e9patique<\/li>\n<\/ul>\n<\/div>\n\t\t\t\t<\/div>\n\t\t\t\t\t\t\t<div class=\"elementor-toggle-item\">\n\t\t\t\t\t<h4 id=\"elementor-tab-title-9945\" class=\"elementor-tab-title\" data-tab=\"5\" role=\"button\" aria-controls=\"elementor-tab-content-9945\" aria-expanded=\"false\">\n\t\t\t\t\t\t\t\t\t\t\t\t<span class=\"elementor-toggle-icon elementor-toggle-icon-right\" aria-hidden=\"true\">\n\t\t\t\t\t\t\t\t\t\t\t\t\t\t\t<span class=\"elementor-toggle-icon-closed\"><i class=\"fas fa-plus\"><\/i><\/span>\n\t\t\t\t\t\t\t\t<span class=\"elementor-toggle-icon-opened\"><i class=\"elementor-toggle-icon-opened fas fa-minus\"><\/i><\/span>\n\t\t\t\t\t\t\t\t\t\t\t\t\t<\/span>\n\t\t\t\t\t\t\t\t\t\t\t\t<a class=\"elementor-toggle-title\" tabindex=\"0\">Comment la grossesse affecte-t-elle la sant\u00e9 bucco-dentaire ?<\/a>\n\t\t\t\t\t<\/h4>\n\n\t\t\t\t\t<div id=\"elementor-tab-content-9945\" class=\"elementor-tab-content elementor-clearfix\" data-tab=\"5\" role=\"region\" aria-labelledby=\"elementor-tab-title-9945\"><p>L&rsquo;augmentation des hormones \u0153strog\u00e8nes et progestatives favorise la formation de la plaque bact\u00e9rienne sur les dents. Si la plaque n&rsquo;est pas \u00e9limin\u00e9e, elle provoque une gingivite que l&rsquo;on appelle gingivite de grossesse. Si la gingivite \u00e9tait d\u00e9j\u00e0 pr\u00e9sente avant la grossesse, sa gravit\u00e9 augmente et elle \u00e9volue vers une parodontite. Les gencives sont gonfl\u00e9es, rouges, d&rsquo;aspect lobulaire et ont tendance \u00e0 saigner.<\/p>\n<p>Par cons\u00e9quent, si une grossesse est pr\u00e9vue, il est utile de rendre visite au dentiste \u00e0 l&rsquo;avance. Pendant la grossesse, il convient de proc\u00e9der \u00e0 un nettoyage soigneux des dents, de suivre un r\u00e9gime alimentaire \u00e9quilibr\u00e9 et de prendre des vitamines B 12 et C par voie orale.<\/p>\n<p>Si n\u00e9cessaire, une ou deux radiographies peuvent \u00eatre prises par la bouche. Bien que la dose soit faible et que la zone irradi\u00e9e soit \u00e9loign\u00e9e de l&rsquo;abdomen, un tablier de plomb doit \u00eatre utilis\u00e9.<\/p>\n<p>Les antibiotiques du groupe des t\u00e9tracyclines, qui peuvent provoquer une d\u00e9coloration des dents du b\u00e9b\u00e9, doivent \u00eatre \u00e9vit\u00e9s pendant la grossesse.<\/p>\n<\/div>\n\t\t\t\t<\/div>\n\t\t\t\t\t\t\t<div class=\"elementor-toggle-item\">\n\t\t\t\t\t<h4 id=\"elementor-tab-title-9946\" class=\"elementor-tab-title\" data-tab=\"6\" role=\"button\" aria-controls=\"elementor-tab-content-9946\" aria-expanded=\"false\">\n\t\t\t\t\t\t\t\t\t\t\t\t<span class=\"elementor-toggle-icon elementor-toggle-icon-right\" aria-hidden=\"true\">\n\t\t\t\t\t\t\t\t\t\t\t\t\t\t\t<span class=\"elementor-toggle-icon-closed\"><i class=\"fas fa-plus\"><\/i><\/span>\n\t\t\t\t\t\t\t\t<span class=\"elementor-toggle-icon-opened\"><i class=\"elementor-toggle-icon-opened fas fa-minus\"><\/i><\/span>\n\t\t\t\t\t\t\t\t\t\t\t\t\t<\/span>\n\t\t\t\t\t\t\t\t\t\t\t\t<a class=\"elementor-toggle-title\" tabindex=\"0\">Le d\u00e9tartrage endommage-t-il les dents ?<\/a>\n\t\t\t\t\t<\/h4>\n\n\t\t\t\t\t<div id=\"elementor-tab-content-9946\" class=\"elementor-tab-content elementor-clearfix\" data-tab=\"6\" role=\"region\" aria-labelledby=\"elementor-tab-title-9946\"><p>Le d\u00e9tartrage consiste \u00e0 \u00e9liminer les substances tachantes telles que le th\u00e9, le caf\u00e9, les cigarettes et le tartre accumul\u00e9 sur les dents \u00e0 l&rsquo;aide d&rsquo;outils ultrasoniques (vibrants). L&rsquo;\u00e9mail des dents n&rsquo;est pas endommag\u00e9. Au contraire, l&rsquo;absence d&rsquo;\u00e9limination du tartre sur la dent entra\u00eene une maladie gingivale, une r\u00e9cession gingivale et une mauvaise haleine. Le moyen le plus efficace de prot\u00e9ger la sant\u00e9 bucco-dentaire est de se brosser les dents r\u00e9guli\u00e8rement deux fois par jour, d&rsquo;utiliser du fil dentaire et de se rendre chez le dentiste deux fois par an.<\/p>\n<\/div>\n\t\t\t\t<\/div>\n\t\t\t\t\t\t\t\t<\/div>\n\t\t\t\t\t\t<\/div>\n\t\t\t\t<\/div>\n\t\t\t\t\t<\/div>\n\t\t<\/div>\n\t\t\t\t<div class=\"elementor-column elementor-col-25 elementor-top-column elementor-element elementor-element-3e426397 sc_content_align_inherit sc_layouts_column_icons_position_left sc_fly_static\" data-id=\"3e426397\" data-element_type=\"column\">\n\t\t\t<div class=\"elementor-widget-wrap\">\n\t\t\t\t\t\t\t<\/div>\n\t\t<\/div>\n\t\t\t\t\t<\/div>\n\t\t<\/section>\n\t\t\t\t<section class=\"elementor-section elementor-top-section elementor-element elementor-element-32dc0a28 elementor-section-boxed elementor-section-height-default elementor-section-height-default sc_fly_static\" data-id=\"32dc0a28\" data-element_type=\"section\">\n\t\t\t\t\t\t<div class=\"elementor-container elementor-column-gap-extended\">\n\t\t\t\t\t<div class=\"elementor-column elementor-col-100 elementor-top-column elementor-element elementor-element-2b08ec3e sc_content_align_inherit sc_layouts_column_icons_position_left sc_fly_static\" data-id=\"2b08ec3e\" data-element_type=\"column\">\n\t\t\t<div class=\"elementor-widget-wrap elementor-element-populated\">\n\t\t\t\t\t\t<div class=\"elementor-element elementor-element-2244d19d sc_height_huge sc_fly_static elementor-widget elementor-widget-spacer\" data-id=\"2244d19d\" data-element_type=\"widget\" data-widget_type=\"spacer.default\">\n\t\t\t\t<div class=\"elementor-widget-container\">\n\t\t\t\t\t\t\t<div class=\"elementor-spacer\">\n\t\t\t<div class=\"elementor-spacer-inner\"><\/div>\n\t\t<\/div>\n\t\t\t\t\t\t<\/div>\n\t\t\t\t<\/div>\n\t\t\t\t<div class=\"elementor-element elementor-element-8f0d8f8 sc_fly_static elementor-widget elementor-widget-spacer\" data-id=\"8f0d8f8\" data-element_type=\"widget\" data-widget_type=\"spacer.default\">\n\t\t\t\t<div class=\"elementor-widget-container\">\n\t\t\t\t\t\t\t<div class=\"elementor-spacer\">\n\t\t\t<div class=\"elementor-spacer-inner\"><\/div>\n\t\t<\/div>\n\t\t\t\t\t\t<\/div>\n\t\t\t\t<\/div>\n\t\t\t\t\t<\/div>\n\t\t<\/div>\n\t\t\t\t\t<\/div>\n\t\t<\/section>\n\t\t\t\t<section class=\"elementor-section elementor-top-section elementor-element elementor-element-4b1d35a9 elementor-section-full_width elementor-section-height-default elementor-section-height-default sc_fly_static\" data-id=\"4b1d35a9\" data-element_type=\"section\">\n\t\t\t\t\t\t<div class=\"elementor-container elementor-column-gap-no\">\n\t\t\t\t\t<div class=\"elementor-column elementor-col-100 elementor-top-column elementor-element elementor-element-591f16e7 sc_content_align_inherit sc_layouts_column_icons_position_left sc_fly_static\" data-id=\"591f16e7\" data-element_type=\"column\">\n\t\t\t<div class=\"elementor-widget-wrap elementor-element-populated\">\n\t\t\t\t\t\t<div class=\"elementor-element elementor-element-2e1186e5 no-title sc_fly_static elementor-widget elementor-widget-image\" data-id=\"2e1186e5\" data-element_type=\"widget\" data-widget_type=\"image.default\">\n\t\t\t\t<div class=\"elementor-widget-container\">\n\t\t\t\t\t\t\t\t\t\t\t\t\t\t\t<img decoding=\"async\" src=\"https:\/\/dentinantalya.com\/wp-content\/uploads\/elementor\/thumbs\/home1-image2-copyright-qxv83fwwp55dey4l3b5cpfdylmyo1ukq4aje46xi78.jpg\" title=\"home1-image2-copyright\" alt=\"home1-image2-copyright\" loading=\"lazy\" \/>\t\t\t\t\t\t\t\t\t\t\t\t\t\t\t<\/div>\n\t\t\t\t<\/div>\n\t\t\t\t\t<\/div>\n\t\t<\/div>\n\t\t\t\t\t<\/div>\n\t\t<\/section>\n\t\t\t\t<section class=\"elementor-section elementor-top-section elementor-element elementor-element-5456fee8 elementor-section-boxed elementor-section-height-default elementor-section-height-default sc_fly_static\" data-id=\"5456fee8\" data-element_type=\"section\">\n\t\t\t\t\t\t<div class=\"elementor-container elementor-column-gap-extended\">\n\t\t\t\t\t<div class=\"elementor-column elementor-col-100 elementor-top-column elementor-element elementor-element-4912c386 sc_content_align_inherit sc_layouts_column_icons_position_left sc_fly_static\" data-id=\"4912c386\" data-element_type=\"column\">\n\t\t\t<div class=\"elementor-widget-wrap elementor-element-populated\">\n\t\t\t\t\t\t<div class=\"elementor-element elementor-element-1e19e5f sc_fly_static elementor-widget elementor-widget-spacer\" data-id=\"1e19e5f\" data-element_type=\"widget\" data-widget_type=\"spacer.default\">\n\t\t\t\t<div class=\"elementor-widget-container\">\n\t\t\t\t\t\t\t<div class=\"elementor-spacer\">\n\t\t\t<div class=\"elementor-spacer-inner\"><\/div>\n\t\t<\/div>\n\t\t\t\t\t\t<\/div>\n\t\t\t\t<\/div>\n\t\t\t\t\t<\/div>\n\t\t<\/div>\n\t\t\t\t\t<\/div>\n\t\t<\/section>\n\t\t\t\t<\/div>\n\t\t","protected":false},"excerpt":{"rendered":"<p>Tous les dentistes peuvent-ils poser des implants ? La formation sur les implants est dispens\u00e9e dans le cadre de divers cours et de formations universitaires. Les dentistes concern\u00e9s se perfectionnent&hellip;<\/p>\n","protected":false},"author":1,"featured_media":0,"parent":0,"menu_order":0,"comment_status":"closed","ping_status":"closed","template":"","meta":{"footnotes":""},"class_list":["post-23247","page","type-page","status-publish","hentry"],"_links":{"self":[{"href":"https:\/\/dentinantalya.com\/fr\/wp-json\/wp\/v2\/pages\/23247","targetHints":{"allow":["GET"]}}],"collection":[{"href":"https:\/\/dentinantalya.com\/fr\/wp-json\/wp\/v2\/pages"}],"about":[{"href":"https:\/\/dentinantalya.com\/fr\/wp-json\/wp\/v2\/types\/page"}],"author":[{"embeddable":true,"href":"https:\/\/dentinantalya.com\/fr\/wp-json\/wp\/v2\/users\/1"}],"replies":[{"embeddable":true,"href":"https:\/\/dentinantalya.com\/fr\/wp-json\/wp\/v2\/comments?post=23247"}],"version-history":[{"count":1,"href":"https:\/\/dentinantalya.com\/fr\/wp-json\/wp\/v2\/pages\/23247\/revisions"}],"predecessor-version":[{"id":23251,"href":"https:\/\/dentinantalya.com\/fr\/wp-json\/wp\/v2\/pages\/23247\/revisions\/23251"}],"wp:attachment":[{"href":"https:\/\/dentinantalya.com\/fr\/wp-json\/wp\/v2\/media?parent=23247"}],"curies":[{"name":"wp","href":"https:\/\/api.w.org\/{rel}","templated":true}]}}