{"id":23243,"date":"2023-01-27T19:07:45","date_gmt":"2023-01-27T19:07:45","guid":{"rendered":"https:\/\/dentinantalya.com\/zones-de-traitement\/"},"modified":"2025-01-16T13:45:41","modified_gmt":"2025-01-16T13:45:41","slug":"zones-de-traitement","status":"publish","type":"page","link":"https:\/\/dentinantalya.com\/fr\/zones-de-traitement\/","title":{"rendered":"Zones de traitement"},"content":{"rendered":"\t\t<div data-elementor-type=\"wp-page\" data-elementor-id=\"23243\" class=\"elementor elementor-23243\">\n\t\t\t\t\t\t<section class=\"elementor-section elementor-top-section elementor-element elementor-element-9f869d1 elementor-section-boxed elementor-section-height-default elementor-section-height-default sc_fly_static\" data-id=\"9f869d1\" data-element_type=\"section\">\n\t\t\t\t\t\t<div class=\"elementor-container elementor-column-gap-extended\">\n\t\t\t\t\t<div class=\"elementor-column elementor-col-100 elementor-top-column elementor-element elementor-element-cd6fd84 sc_content_align_inherit sc_layouts_column_icons_position_left sc_fly_static\" data-id=\"cd6fd84\" data-element_type=\"column\">\n\t\t\t<div class=\"elementor-widget-wrap elementor-element-populated\">\n\t\t\t\t\t\t<div class=\"elementor-element elementor-element-587ed9c sc_fly_static elementor-widget elementor-widget-spacer\" data-id=\"587ed9c\" data-element_type=\"widget\" data-widget_type=\"spacer.default\">\n\t\t\t\t<div class=\"elementor-widget-container\">\n\t\t\t\t\t\t\t<div class=\"elementor-spacer\">\n\t\t\t<div class=\"elementor-spacer-inner\"><\/div>\n\t\t<\/div>\n\t\t\t\t\t\t<\/div>\n\t\t\t\t<\/div>\n\t\t\t\t\t<\/div>\n\t\t<\/div>\n\t\t\t\t\t<\/div>\n\t\t<\/section>\n\t\t\t\t<section class=\"elementor-section elementor-top-section elementor-element elementor-element-16c6d19 elementor-section-boxed elementor-section-height-default elementor-section-height-default sc_fly_static\" data-id=\"16c6d19\" data-element_type=\"section\">\n\t\t\t\t\t\t<div class=\"elementor-container elementor-column-gap-extended\">\n\t\t\t\t\t<div class=\"elementor-column elementor-col-100 elementor-top-column elementor-element elementor-element-7504f33 sc_content_align_inherit sc_layouts_column_icons_position_left sc_fly_static\" data-id=\"7504f33\" data-element_type=\"column\">\n\t\t\t<div class=\"elementor-widget-wrap elementor-element-populated\">\n\t\t\t\t\t\t<div class=\"elementor-element elementor-element-a3e84c5 sc_fly_static elementor-widget elementor-widget-heading\" data-id=\"a3e84c5\" data-element_type=\"widget\" data-widget_type=\"heading.default\">\n\t\t\t\t<div class=\"elementor-widget-container\">\n\t\t\t\t\t<h1 class=\"elementor-heading-title elementor-size-default\">Zones de traitement<\/h1>\t\t\t\t<\/div>\n\t\t\t\t<\/div>\n\t\t\t\t\t<\/div>\n\t\t<\/div>\n\t\t\t\t\t<\/div>\n\t\t<\/section>\n\t\t\t\t<section class=\"elementor-section elementor-top-section elementor-element elementor-element-726dde76 elementor-section-boxed elementor-section-height-default elementor-section-height-default sc_fly_static\" data-id=\"726dde76\" data-element_type=\"section\">\n\t\t\t\t\t\t<div class=\"elementor-container elementor-column-gap-extended\">\n\t\t\t\t\t<div class=\"elementor-column elementor-col-100 elementor-top-column elementor-element elementor-element-750b4230 sc_content_align_inherit sc_layouts_column_icons_position_left sc_fly_static\" data-id=\"750b4230\" data-element_type=\"column\">\n\t\t\t<div class=\"elementor-widget-wrap elementor-element-populated\">\n\t\t\t\t\t\t<div class=\"elementor-element elementor-element-64dbf41 sc_height_small sc_fly_static elementor-widget elementor-widget-spacer\" data-id=\"64dbf41\" data-element_type=\"widget\" data-widget_type=\"spacer.default\">\n\t\t\t\t<div class=\"elementor-widget-container\">\n\t\t\t\t\t\t\t<div class=\"elementor-spacer\">\n\t\t\t<div class=\"elementor-spacer-inner\"><\/div>\n\t\t<\/div>\n\t\t\t\t\t\t<\/div>\n\t\t\t\t<\/div>\n\t\t\t\t<div class=\"elementor-element elementor-element-0a8294f sc_fly_static elementor-widget elementor-widget-spacer\" data-id=\"0a8294f\" data-element_type=\"widget\" data-widget_type=\"spacer.default\">\n\t\t\t\t<div class=\"elementor-widget-container\">\n\t\t\t\t\t\t\t<div class=\"elementor-spacer\">\n\t\t\t<div class=\"elementor-spacer-inner\"><\/div>\n\t\t<\/div>\n\t\t\t\t\t\t<\/div>\n\t\t\t\t<\/div>\n\t\t\t\t<section class=\"elementor-section elementor-inner-section elementor-element elementor-element-37efd10c elementor-section-boxed elementor-section-height-default elementor-section-height-default sc_fly_static\" data-id=\"37efd10c\" data-element_type=\"section\">\n\t\t\t\t\t\t<div class=\"elementor-container elementor-column-gap-no\">\n\t\t\t\t\t<div class=\"elementor-column elementor-col-100 elementor-inner-column elementor-element elementor-element-438d03cb sc_content_align_inherit sc_layouts_column_icons_position_left sc_fly_static\" data-id=\"438d03cb\" data-element_type=\"column\">\n\t\t\t<div class=\"elementor-widget-wrap elementor-element-populated\">\n\t\t\t\t\t\t<div class=\"elementor-element elementor-element-4996b172 sc_fly_static elementor-widget elementor-widget-trx_sc_icons\" data-id=\"4996b172\" data-element_type=\"widget\" data-widget_type=\"trx_sc_icons.default\">\n\t\t\t\t<div class=\"elementor-widget-container\">\n\t\t\t\t\t<div \tclass=\"sc_icons color_style_link2 sc_icons_rounded sc_icons_size_large sc_align_center\" ><div class=\"sc_icons_columns_wrap sc_item_columns trx_addons_columns_wrap columns_padding_bottom\" ><div class=\"trx_addons_column-1_4 trx_addons_column-1_2-mobile\"><div class=\"sc_icons_item sc_icons_item_linked\"><div class=\"sc_icons_icon sc_icon_type_ icon-new-dental-implant\" ><span class=\"sc_icon_type_ icon-new-dental-implant\"><\/span><\/div><div class=\"sc_icons_item_details\"><h4 class=\"sc_icons_item_title\"><a href=\"https:\/\/dentinantalya.com\/fr\/services\/implant\/\">\r\n                                    Implant                                    <\/a><\/h4><a href=\"https:\/\/dentinantalya.com\/fr\/services\/implant\/\"\r\n                        class=\"sc_icons_item_link\">\r\n                        <\/a><\/div><\/div><\/div><div class=\"trx_addons_column-1_4 trx_addons_column-1_2-mobile\"><div class=\"sc_icons_item sc_icons_item_linked\"><div class=\"sc_icons_icon sc_icon_type_ icon-new-dental-hygiene\" ><span class=\"sc_icon_type_ icon-new-dental-hygiene\"><\/span><\/div><div class=\"sc_icons_item_details\"><h4 class=\"sc_icons_item_title\"><a href=\"https:\/\/dentinantalya.com\/fr\/services\/dentisterie-esthetique\/\">\r\n                                    Esth\u00e9tique                                     <\/a><a href=\"https:\/\/dentinantalya.com\/fr\/services\/dentisterie-esthetique\/\">\r\n                                     Dentisterie                                    <\/a><\/h4><a href=\"https:\/\/dentinantalya.com\/fr\/services\/dentisterie-esthetique\/\"\r\n                        class=\"sc_icons_item_link\">\r\n                        <\/a><\/div><\/div><\/div><div class=\"trx_addons_column-1_4 trx_addons_column-1_2-mobile\"><div class=\"sc_icons_item sc_icons_item_linked\"><div class=\"sc_icons_icon sc_icon_type_ icon-new-tooth-hygiene\" ><span class=\"sc_icon_type_ icon-new-tooth-hygiene\"><\/span><\/div><div class=\"sc_icons_item_details\"><h4 class=\"sc_icons_item_title\"><a href=\"https:\/\/dentinantalya.com\/fr\/services\/smile-design\/\">\r\n                                    Smile Design                                    <\/a><\/h4><a href=\"https:\/\/dentinantalya.com\/fr\/services\/smile-design\/\"\r\n                        class=\"sc_icons_item_link\">\r\n                        <\/a><\/div><\/div><\/div><div class=\"trx_addons_column-1_4 trx_addons_column-1_2-mobile\"><div class=\"sc_icons_item sc_icons_item_linked\"><div class=\"sc_icons_icon sc_icon_type_ icon-new-dental-filling\" ><span class=\"sc_icon_type_ icon-new-dental-filling\"><\/span><\/div><div class=\"sc_icons_item_details\"><h4 class=\"sc_icons_item_title\"><a href=\"https:\/\/dentinantalya.com\/fr\/services\/placages-stratifies\/\">\r\n                                    Placages en stratifi\u00e9                                    <\/a><\/h4><a href=\"https:\/\/dentinantalya.com\/fr\/services\/placages-stratifies\/\"\r\n                        class=\"sc_icons_item_link\">\r\n                        <\/a><\/div><\/div><\/div><div class=\"trx_addons_column-1_4 trx_addons_column-1_2-mobile\"><div class=\"sc_icons_item sc_icons_item_linked\"><div class=\"sc_icons_icon sc_icon_type_ icon-new-dental-crown\" ><span class=\"sc_icon_type_ icon-new-dental-crown\"><\/span><\/div><div class=\"sc_icons_item_details\"><h4 class=\"sc_icons_item_title\"><a href=\"https:\/\/dentinantalya.com\/fr\/services\/quest-ce-que-le-zirconium\/\">\r\n                                    Zirconium                                    <\/a><\/h4><a href=\"https:\/\/dentinantalya.com\/fr\/services\/quest-ce-que-le-zirconium\/\"\r\n                        class=\"sc_icons_item_link\">\r\n                        <\/a><\/div><\/div><\/div><div class=\"trx_addons_column-1_4 trx_addons_column-1_2-mobile\"><div class=\"sc_icons_item sc_icons_item_linked\"><div class=\"sc_icons_icon sc_icon_type_ icon-new-diamond\" ><span class=\"sc_icon_type_ icon-new-diamond\"><\/span><\/div><div class=\"sc_icons_item_details\"><h4 class=\"sc_icons_item_title\"><a href=\"https:\/\/dentinantalya.com\/fr\/services\/les-applications-de-la-prothese\/\">\r\n                                    Applications de proth\u00e8ses                                    <\/a><\/h4><a href=\"https:\/\/dentinantalya.com\/fr\/services\/les-applications-de-la-prothese\/\"\r\n                        class=\"sc_icons_item_link\">\r\n                        <\/a><\/div><\/div><\/div><div class=\"trx_addons_column-1_4 trx_addons_column-1_2-mobile\"><div class=\"sc_icons_item sc_icons_item_linked\"><div class=\"sc_icons_icon sc_icon_type_ icon-new-dental-hygiene\" ><span class=\"sc_icon_type_ icon-new-dental-hygiene\"><\/span><\/div><div class=\"sc_icons_item_details\"><h4 class=\"sc_icons_item_title\"><a href=\"https:\/\/dentinantalya.com\/fr\/services\/couronnes-en-porcelaine-avec-support-metallique\/\">\r\n                                    Couronnes en m\u00e9tal support\u00e9es                                    <\/a><a href=\"https:\/\/dentinantalya.com\/fr\/services\/couronnes-en-porcelaine-avec-support-metallique\/\">\r\n                                     Couronnes en porcelaine                                    <\/a><\/h4><a href=\"https:\/\/dentinantalya.com\/fr\/services\/couronnes-en-porcelaine-avec-support-metallique\/\"\r\n                        class=\"sc_icons_item_link\">\r\n                        <\/a><\/div><\/div><\/div><div class=\"trx_addons_column-1_4 trx_addons_column-1_2-mobile\"><div class=\"sc_icons_item sc_icons_item_linked\"><div class=\"sc_icons_icon sc_icon_type_ icon-new-tooth-hygiene\" ><span class=\"sc_icon_type_ icon-new-tooth-hygiene\"><\/span><\/div><div class=\"sc_icons_item_details\"><h4 class=\"sc_icons_item_title\"><a href=\"https:\/\/dentinantalya.com\/fr\/services\/fermeture-du-diasteme\/\">\r\n                                    Fermeture du diast\u00e8me                                    <\/a><\/h4><a href=\"https:\/\/dentinantalya.com\/fr\/services\/fermeture-du-diasteme\/\"\r\n                        class=\"sc_icons_item_link\">\r\n                        <\/a><\/div><\/div><\/div><div class=\"trx_addons_column-1_4 trx_addons_column-1_2-mobile\"><div class=\"sc_icons_item sc_icons_item_linked\"><div class=\"sc_icons_icon sc_icon_type_ icon-new-tooth-extraction\" ><span class=\"sc_icon_type_ icon-new-tooth-extraction\"><\/span><\/div><div class=\"sc_icons_item_details\"><h4 class=\"sc_icons_item_title\"><a href=\"https:\/\/dentinantalya.com\/fr\/services\/blanchissement\/\">\r\n                                    Blanchiment                                    <\/a><\/h4><a href=\"https:\/\/dentinantalya.com\/fr\/services\/blanchissement\/\"\r\n                        class=\"sc_icons_item_link\">\r\n                        <\/a><\/div><\/div><\/div><div class=\"trx_addons_column-1_4 trx_addons_column-1_2-mobile\"><div class=\"sc_icons_item sc_icons_item_linked\"><div class=\"sc_icons_icon sc_icon_type_ icon-new-dental-implant\" ><span class=\"sc_icon_type_ icon-new-dental-implant\"><\/span><\/div><div class=\"sc_icons_item_details\"><h4 class=\"sc_icons_item_title\"><a href=\"https:\/\/dentinantalya.com\/fr\/services\/traitement-et-endodontie\/\">\r\n                                    Traitement et endodontie                                    <\/a><\/h4><a href=\"https:\/\/dentinantalya.com\/fr\/services\/traitement-et-endodontie\/\"\r\n                        class=\"sc_icons_item_link\">\r\n                        <\/a><\/div><\/div><\/div><div class=\"trx_addons_column-1_4 trx_addons_column-1_2-mobile\"><div class=\"sc_icons_item sc_icons_item_linked\"><div class=\"sc_icons_icon sc_icon_type_ icon-new-dental-care2\" ><span class=\"sc_icon_type_ icon-new-dental-care2\"><\/span><\/div><div class=\"sc_icons_item_details\"><h4 class=\"sc_icons_item_title\"><a href=\"https:\/\/dentinantalya.com\/fr\/services\/les-traitements-periodiques\/\">\r\n                                    Traitements p\u00e9riodiques                                    <\/a><\/h4><a href=\"https:\/\/dentinantalya.com\/fr\/services\/les-traitements-periodiques\/\"\r\n                        class=\"sc_icons_item_link\">\r\n                        <\/a><\/div><\/div><\/div><div class=\"trx_addons_column-1_4 trx_addons_column-1_2-mobile\"><div class=\"sc_icons_item sc_icons_item_linked\"><div class=\"sc_icons_icon sc_icon_type_ icon-new-dental-filling\" ><span class=\"sc_icon_type_ icon-new-dental-filling\"><\/span><\/div><div class=\"sc_icons_item_details\"><h4 class=\"sc_icons_item_title\"><a href=\"https:\/\/dentinantalya.com\/fr\/services\/protheses-partielles\/\">\r\n                                    Proth\u00e8ses dentaires partielles                                    <\/a><\/h4><a href=\"https:\/\/dentinantalya.com\/fr\/services\/protheses-partielles\/\"\r\n                        class=\"sc_icons_item_link\">\r\n                        <\/a><\/div><\/div><\/div><\/div><\/div><!-- \/.sc_icons -->\t\t\t\t<\/div>\n\t\t\t\t<\/div>\n\t\t\t\t\t<\/div>\n\t\t<\/div>\n\t\t\t\t\t<\/div>\n\t\t<\/section>\n\t\t\t\t<div class=\"elementor-element elementor-element-3054c2d sc_fly_static elementor-widget elementor-widget-spacer\" data-id=\"3054c2d\" data-element_type=\"widget\" data-widget_type=\"spacer.default\">\n\t\t\t\t<div class=\"elementor-widget-container\">\n\t\t\t\t\t\t\t<div class=\"elementor-spacer\">\n\t\t\t<div class=\"elementor-spacer-inner\"><\/div>\n\t\t<\/div>\n\t\t\t\t\t\t<\/div>\n\t\t\t\t<\/div>\n\t\t\t\t\t<\/div>\n\t\t<\/div>\n\t\t\t\t\t<\/div>\n\t\t<\/section>\n\t\t\t\t<\/div>\n\t\t","protected":false},"excerpt":{"rendered":"<p>Zones de traitement Implant Esth\u00e9tique Dentisterie Smile Design Placages en stratifi\u00e9 Zirconium Applications de proth\u00e8ses Couronnes en m\u00e9tal support\u00e9es Couronnes en porcelaine Fermeture du diast\u00e8me Blanchiment Traitement et endodontie Traitements&hellip;<\/p>\n","protected":false},"author":1,"featured_media":0,"parent":0,"menu_order":0,"comment_status":"closed","ping_status":"closed","template":"","meta":{"footnotes":""},"class_list":["post-23243","page","type-page","status-publish","hentry"],"_links":{"self":[{"href":"https:\/\/dentinantalya.com\/fr\/wp-json\/wp\/v2\/pages\/23243","targetHints":{"allow":["GET"]}}],"collection":[{"href":"https:\/\/dentinantalya.com\/fr\/wp-json\/wp\/v2\/pages"}],"about":[{"href":"https:\/\/dentinantalya.com\/fr\/wp-json\/wp\/v2\/types\/page"}],"author":[{"embeddable":true,"href":"https:\/\/dentinantalya.com\/fr\/wp-json\/wp\/v2\/users\/1"}],"replies":[{"embeddable":true,"href":"https:\/\/dentinantalya.com\/fr\/wp-json\/wp\/v2\/comments?post=23243"}],"version-history":[{"count":4,"href":"https:\/\/dentinantalya.com\/fr\/wp-json\/wp\/v2\/pages\/23243\/revisions"}],"predecessor-version":[{"id":23718,"href":"https:\/\/dentinantalya.com\/fr\/wp-json\/wp\/v2\/pages\/23243\/revisions\/23718"}],"wp:attachment":[{"href":"https:\/\/dentinantalya.com\/fr\/wp-json\/wp\/v2\/media?parent=23243"}],"curies":[{"name":"wp","href":"https:\/\/api.w.org\/{rel}","templated":true}]}}