{"id":23236,"date":"2023-01-25T00:40:42","date_gmt":"2023-01-25T00:40:42","guid":{"rendered":"https:\/\/dentinantalya.com\/about-us\/"},"modified":"2025-01-12T11:28:35","modified_gmt":"2025-01-12T11:28:35","slug":"about-us","status":"publish","type":"page","link":"https:\/\/dentinantalya.com\/en\/about-us\/","title":{"rendered":"About Us"},"content":{"rendered":"\t\t<div data-elementor-type=\"wp-page\" data-elementor-id=\"23236\" class=\"elementor elementor-23236\">\n\t\t\t\t\t\t<section class=\"elementor-section elementor-top-section elementor-element elementor-element-afa98d9 elementor-section-boxed elementor-section-height-default elementor-section-height-default sc_fly_static\" data-id=\"afa98d9\" data-element_type=\"section\" data-e-type=\"section\">\n\t\t\t\t\t\t<div class=\"elementor-container elementor-column-gap-extended\">\n\t\t\t\t\t<div class=\"elementor-column elementor-col-100 elementor-top-column elementor-element elementor-element-da7431a sc_content_align_inherit sc_layouts_column_icons_position_left sc_fly_static\" data-id=\"da7431a\" data-element_type=\"column\" data-e-type=\"column\">\n\t\t\t<div class=\"elementor-widget-wrap elementor-element-populated\">\n\t\t\t\t\t\t<div class=\"elementor-element elementor-element-696150e elementor-widget-tablet__width-initial sc_fly_static elementor-widget elementor-widget-spacer\" data-id=\"696150e\" data-element_type=\"widget\" data-e-type=\"widget\" data-widget_type=\"spacer.default\">\n\t\t\t\t<div class=\"elementor-widget-container\">\n\t\t\t\t\t\t\t<div class=\"elementor-spacer\">\n\t\t\t<div class=\"elementor-spacer-inner\"><\/div>\n\t\t<\/div>\n\t\t\t\t\t\t<\/div>\n\t\t\t\t<\/div>\n\t\t\t\t<div class=\"elementor-element elementor-element-ad8c45e sc_fly_static elementor-widget elementor-widget-heading\" data-id=\"ad8c45e\" data-element_type=\"widget\" data-e-type=\"widget\" data-widget_type=\"heading.default\">\n\t\t\t\t<div class=\"elementor-widget-container\">\n\t\t\t\t\t<h1 class=\"elementor-heading-title elementor-size-default\">About Us<\/h1>\t\t\t\t<\/div>\n\t\t\t\t<\/div>\n\t\t\t\t<div class=\"elementor-element elementor-element-27ff1e6 sc_height_medium sc_fly_static elementor-widget elementor-widget-spacer\" data-id=\"27ff1e6\" data-element_type=\"widget\" data-e-type=\"widget\" data-widget_type=\"spacer.default\">\n\t\t\t\t<div class=\"elementor-widget-container\">\n\t\t\t\t\t\t\t<div class=\"elementor-spacer\">\n\t\t\t<div class=\"elementor-spacer-inner\"><\/div>\n\t\t<\/div>\n\t\t\t\t\t\t<\/div>\n\t\t\t\t<\/div>\n\t\t\t\t\t<\/div>\n\t\t<\/div>\n\t\t\t\t\t<\/div>\n\t\t<\/section>\n\t\t\t\t<section class=\"elementor-section elementor-top-section elementor-element elementor-element-eed61ea elementor-section-boxed elementor-section-height-default elementor-section-height-default sc_fly_static\" data-id=\"eed61ea\" data-element_type=\"section\" data-e-type=\"section\">\n\t\t\t\t\t\t<div class=\"elementor-container elementor-column-gap-no\">\n\t\t\t\t\t<div class=\"elementor-column elementor-col-50 elementor-top-column elementor-element elementor-element-68137d3 sc_content_align_inherit sc_layouts_column_icons_position_left sc_fly_static\" data-id=\"68137d3\" data-element_type=\"column\" data-e-type=\"column\" data-settings=\"{&quot;background_background&quot;:&quot;classic&quot;}\">\n\t\t\t<div class=\"elementor-widget-wrap elementor-element-populated\">\n\t\t\t\t\t\t<div class=\"elementor-element elementor-element-0b109c7 elementor-widget-tablet__width-initial sc_fly_static elementor-widget elementor-widget-spacer\" data-id=\"0b109c7\" data-element_type=\"widget\" data-e-type=\"widget\" data-widget_type=\"spacer.default\">\n\t\t\t\t<div class=\"elementor-widget-container\">\n\t\t\t\t\t\t\t<div class=\"elementor-spacer\">\n\t\t\t<div class=\"elementor-spacer-inner\"><\/div>\n\t\t<\/div>\n\t\t\t\t\t\t<\/div>\n\t\t\t\t<\/div>\n\t\t\t\t\t<\/div>\n\t\t<\/div>\n\t\t\t\t<div class=\"elementor-column elementor-col-50 elementor-top-column elementor-element elementor-element-98e2037 sc_content_align_inherit sc_layouts_column_icons_position_left sc_fly_static\" data-id=\"98e2037\" data-element_type=\"column\" data-e-type=\"column\">\n\t\t\t<div class=\"elementor-widget-wrap elementor-element-populated\">\n\t\t\t\t\t\t<div class=\"elementor-element elementor-element-04f5267 sc_height_medium sc_fly_static elementor-widget elementor-widget-spacer\" data-id=\"04f5267\" data-element_type=\"widget\" data-e-type=\"widget\" data-widget_type=\"spacer.default\">\n\t\t\t\t<div class=\"elementor-widget-container\">\n\t\t\t\t\t\t\t<div class=\"elementor-spacer\">\n\t\t\t<div class=\"elementor-spacer-inner\"><\/div>\n\t\t<\/div>\n\t\t\t\t\t\t<\/div>\n\t\t\t\t<\/div>\n\t\t\t\t<div class=\"elementor-element elementor-element-289305e elementor-widget-tablet__width-initial sc_fly_static elementor-widget elementor-widget-text-editor\" data-id=\"289305e\" data-element_type=\"widget\" data-e-type=\"widget\" data-widget_type=\"text-editor.default\">\n\t\t\t\t<div class=\"elementor-widget-container\">\n\t\t\t\t\t\t\t\t\t<p>Antalya is the pearl of the Mediterranean and the most popular holiday destination.<br \/>\nIt is a unique opportunity for you to have a wonderful vacation and have your dental treatments here.<br \/>\nThanks to our affordable prices, you can be sure that your vacation or dental treatment will be free of charge.<br \/>\nTreatments in our clinics cost about 80% less than in Europe.<br \/>\nThis is due to lower labor and input costs, although the quality and materials used are exactly the same as in Europe.    <\/p>\n\t\t\t\t\t\t\t\t<\/div>\n\t\t\t\t<\/div>\n\t\t\t\t<div class=\"elementor-element elementor-element-6222e35 sc_height_medium sc_fly_static elementor-widget elementor-widget-spacer\" data-id=\"6222e35\" data-element_type=\"widget\" data-e-type=\"widget\" data-widget_type=\"spacer.default\">\n\t\t\t\t<div class=\"elementor-widget-container\">\n\t\t\t\t\t\t\t<div class=\"elementor-spacer\">\n\t\t\t<div class=\"elementor-spacer-inner\"><\/div>\n\t\t<\/div>\n\t\t\t\t\t\t<\/div>\n\t\t\t\t<\/div>\n\t\t\t\t\t<\/div>\n\t\t<\/div>\n\t\t\t\t\t<\/div>\n\t\t<\/section>\n\t\t\t\t<section class=\"elementor-section elementor-top-section elementor-element elementor-element-9f1ec0b elementor-section-boxed elementor-section-height-default elementor-section-height-default sc_fly_static\" data-id=\"9f1ec0b\" data-element_type=\"section\" data-e-type=\"section\">\n\t\t\t\t\t\t<div class=\"elementor-container elementor-column-gap-extended\">\n\t\t\t\t\t<div class=\"elementor-column elementor-col-100 elementor-top-column elementor-element elementor-element-aea2b39 sc_content_align_inherit sc_layouts_column_icons_position_left sc_fly_static\" data-id=\"aea2b39\" data-element_type=\"column\" data-e-type=\"column\">\n\t\t\t<div class=\"elementor-widget-wrap\">\n\t\t\t\t\t\t\t<\/div>\n\t\t<\/div>\n\t\t\t\t\t<\/div>\n\t\t<\/section>\n\t\t\t\t<section class=\"elementor-section elementor-top-section elementor-element elementor-element-144f3d79 elementor-section-content-middle scheme_light elementor-section-boxed elementor-section-height-default elementor-section-height-default sc_fly_static\" data-id=\"144f3d79\" data-element_type=\"section\" data-e-type=\"section\" data-settings=\"{&quot;background_background&quot;:&quot;classic&quot;}\">\n\t\t\t\t\t\t<div class=\"elementor-container elementor-column-gap-extended\">\n\t\t\t\t\t<div class=\"elementor-column elementor-col-50 elementor-top-column elementor-element elementor-element-da2a9e7 sc_content_align_inherit sc_layouts_column_icons_position_left sc_fly_static\" data-id=\"da2a9e7\" data-element_type=\"column\" data-e-type=\"column\">\n\t\t\t<div class=\"elementor-widget-wrap elementor-element-populated\">\n\t\t\t\t\t\t<div class=\"elementor-element elementor-element-cab7b37 sc_height_medium sc_fly_static elementor-widget elementor-widget-spacer\" data-id=\"cab7b37\" data-element_type=\"widget\" data-e-type=\"widget\" data-widget_type=\"spacer.default\">\n\t\t\t\t<div class=\"elementor-widget-container\">\n\t\t\t\t\t\t\t<div class=\"elementor-spacer\">\n\t\t\t<div class=\"elementor-spacer-inner\"><\/div>\n\t\t<\/div>\n\t\t\t\t\t\t<\/div>\n\t\t\t\t<\/div>\n\t\t\t\t<div class=\"elementor-element elementor-element-7f35d1f sc_fly_static elementor-widget elementor-widget-text-editor\" data-id=\"7f35d1f\" data-element_type=\"widget\" data-e-type=\"widget\" data-widget_type=\"text-editor.default\">\n\t\t\t\t<div class=\"elementor-widget-container\">\n\t\t\t\t\t\t\t\t\t<p>As in many health branches, many Turkish and foreign patients from abroad come to our country for dental treatment services. Dental treatments in Turkey are carried out by experienced physicians, with advanced technology and service quality at European standards, at much more reasonable prices compared to European countries. In a much shorter time, while you are on vacation, your dental treatments are successfully completed.<\/p>\n<p>Patients who want to get treatment price information before coming to our clinic can send us their X-rays and requests from our treatment plan section on our website. As a result of your X-rays, you will be contacted as soon as possible about the treatment plan, treatment duration and total price. With prior notice, we organize transfers of our patients from the airport to their hotels and clinics. In addition, our patients can stay in our contracted three, four and five star hotels and apartments with our advantageous prices.<\/p>\n\t\t\t\t\t\t\t\t<\/div>\n\t\t\t\t<\/div>\n\t\t\t\t<div class=\"elementor-element elementor-element-1a2b2662 sc_fly_static elementor-widget elementor-widget-spacer\" data-id=\"1a2b2662\" data-element_type=\"widget\" data-e-type=\"widget\" data-widget_type=\"spacer.default\">\n\t\t\t\t<div class=\"elementor-widget-container\">\n\t\t\t\t\t\t\t<div class=\"elementor-spacer\">\n\t\t\t<div class=\"elementor-spacer-inner\"><\/div>\n\t\t<\/div>\n\t\t\t\t\t\t<\/div>\n\t\t\t\t<\/div>\n\t\t\t\t\t<\/div>\n\t\t<\/div>\n\t\t\t\t<div class=\"elementor-column elementor-col-50 elementor-top-column elementor-element elementor-element-38a9bf52 sc_content_align_inherit sc_layouts_column_icons_position_left sc_fly_static\" data-id=\"38a9bf52\" data-element_type=\"column\" data-e-type=\"column\">\n\t\t\t<div class=\"elementor-widget-wrap elementor-element-populated\">\n\t\t\t\t\t\t<section class=\"elementor-section elementor-inner-section elementor-element elementor-element-76c32279 elementor-section-boxed elementor-section-height-default elementor-section-height-default sc_fly_static\" data-id=\"76c32279\" data-element_type=\"section\" data-e-type=\"section\">\n\t\t\t\t\t\t<div class=\"elementor-container elementor-column-gap-no\">\n\t\t\t\t\t<div class=\"elementor-column elementor-col-50 elementor-inner-column elementor-element elementor-element-3af476c6 sc_content_align_inherit sc_layouts_column_icons_position_left sc_fly_static\" data-id=\"3af476c6\" data-element_type=\"column\" data-e-type=\"column\">\n\t\t\t<div class=\"elementor-widget-wrap elementor-element-populated\">\n\t\t\t\t\t\t<div class=\"elementor-element elementor-element-4fedfaf5 no-title sc_fly_static elementor-widget elementor-widget-image\" data-id=\"4fedfaf5\" data-element_type=\"widget\" data-e-type=\"widget\" data-widget_type=\"image.default\">\n\t\t\t\t<div class=\"elementor-widget-container\">\n\t\t\t\t\t\t\t\t\t\t\t\t\t\t\t<img decoding=\"async\" src=\"https:\/\/dentinantalya.com\/wp-content\/uploads\/elementor\/thumbs\/about-image3-copyright-qxv83ipotzs550f9yogjg0zkbg7smgr4ymzd1nrdzi.jpg\" title=\"about-image3-copyright\" alt=\"about-image3-copyright\" loading=\"lazy\" \/>\t\t\t\t\t\t\t\t\t\t\t\t\t\t\t<\/div>\n\t\t\t\t<\/div>\n\t\t\t\t\t<\/div>\n\t\t<\/div>\n\t\t\t\t<div class=\"elementor-column elementor-col-50 elementor-inner-column elementor-element elementor-element-6baf4a0c sc_content_align_inherit sc_layouts_column_icons_position_left sc_fly_static\" data-id=\"6baf4a0c\" data-element_type=\"column\" data-e-type=\"column\">\n\t\t\t<div class=\"elementor-widget-wrap elementor-element-populated\">\n\t\t\t\t\t\t<div class=\"elementor-element elementor-element-637847f9 no-title sc_fly_static elementor-widget elementor-widget-image\" data-id=\"637847f9\" data-element_type=\"widget\" data-e-type=\"widget\" data-widget_type=\"image.default\">\n\t\t\t\t<div class=\"elementor-widget-container\">\n\t\t\t\t\t\t\t\t\t\t\t\t\t\t\t<img decoding=\"async\" src=\"https:\/\/dentinantalya.com\/wp-content\/uploads\/elementor\/thumbs\/about-image2-copyright-qxv83fw7lqcr28h8kfvqqxr354d6orn5exgp643uh8.jpg\" title=\"about-image2-copyright\" alt=\"about-image2-copyright\" loading=\"lazy\" \/>\t\t\t\t\t\t\t\t\t\t\t\t\t\t\t<\/div>\n\t\t\t\t<\/div>\n\t\t\t\t<div class=\"elementor-element elementor-element-5d3a83c9 sc_layouts_hide_on_mobile sc_fly_static elementor-widget elementor-widget-spacer\" data-id=\"5d3a83c9\" data-element_type=\"widget\" data-e-type=\"widget\" data-widget_type=\"spacer.default\">\n\t\t\t\t<div class=\"elementor-widget-container\">\n\t\t\t\t\t\t\t<div class=\"elementor-spacer\">\n\t\t\t<div class=\"elementor-spacer-inner\"><\/div>\n\t\t<\/div>\n\t\t\t\t\t\t<\/div>\n\t\t\t\t<\/div>\n\t\t\t\t\t<\/div>\n\t\t<\/div>\n\t\t\t\t\t<\/div>\n\t\t<\/section>\n\t\t\t\t\t<\/div>\n\t\t<\/div>\n\t\t\t\t\t<\/div>\n\t\t<\/section>\n\t\t\t\t<section class=\"elementor-section elementor-top-section elementor-element elementor-element-58fcdda elementor-section-boxed elementor-section-height-default elementor-section-height-default sc_fly_static\" data-id=\"58fcdda\" data-element_type=\"section\" data-e-type=\"section\">\n\t\t\t\t\t\t<div class=\"elementor-container elementor-column-gap-extended\">\n\t\t\t\t\t<div class=\"elementor-column elementor-col-100 elementor-top-column elementor-element elementor-element-8a8350e sc_content_align_inherit sc_layouts_column_icons_position_left sc_fly_static\" data-id=\"8a8350e\" data-element_type=\"column\" data-e-type=\"column\">\n\t\t\t<div class=\"elementor-widget-wrap elementor-element-populated\">\n\t\t\t\t\t\t<div class=\"elementor-element elementor-element-e162b55 sc_height_small sc_fly_static elementor-widget elementor-widget-spacer\" data-id=\"e162b55\" data-element_type=\"widget\" data-e-type=\"widget\" data-widget_type=\"spacer.default\">\n\t\t\t\t<div class=\"elementor-widget-container\">\n\t\t\t\t\t\t\t<div class=\"elementor-spacer\">\n\t\t\t<div class=\"elementor-spacer-inner\"><\/div>\n\t\t<\/div>\n\t\t\t\t\t\t<\/div>\n\t\t\t\t<\/div>\n\t\t\t\t<div class=\"elementor-element elementor-element-c2a6f31 elementor-widget-tablet__width-initial sc_fly_static elementor-widget elementor-widget-text-editor\" data-id=\"c2a6f31\" data-element_type=\"widget\" data-e-type=\"widget\" data-widget_type=\"text-editor.default\">\n\t\t\t\t<div class=\"elementor-widget-container\">\n\t\t\t\t\t\t\t\t\t<p>All consumables, porcelain and implants we use in our clinic are German and American products and are under our guarantee. We provide a 5-year warranty on all porcelain crowns and prostheses (except for usage errors) and a 30-year warranty on implants.<\/p>\n<p><strong>Treatment times are approx:<\/strong><\/p>\n<ul>\n<li>5-7 days for crown-bridge-circonium<\/li>\n<li>5-7 days for full prosthesis<\/li>\n<li>3 days for implant operation<\/li>\n<\/ul>\n<p>Relying on our 25 years of experience and our laboratory, the most aesthetically perfect teeth will be finished and fitted after your approval. With the cooperation of the patient, the physician and the laboratory technician at every stage of tooth construction, the teeth that are the most compatible with your face will emerge.<\/p>\n<p>Our aim is to make the treatment process more efficient and enjoyable, to make your annual vacation in the natural richness of Antalya and to return home happily with beautiful and healthy teeth. Our motto; &#8220;YOUR SMILE IS OUR HAPPINESS.&#8221;<\/p>\n<p><strong>Dentist Halile KEM\u0130K\u00c7\u0130O\u011eLU<\/strong><\/p>\n<p>Manavgat \/ ANTALYA<\/p>\n\t\t\t\t\t\t\t\t<\/div>\n\t\t\t\t<\/div>\n\t\t\t\t<div class=\"elementor-element elementor-element-bb9753c sc_fly_static elementor-widget elementor-widget-spacer\" data-id=\"bb9753c\" data-element_type=\"widget\" data-e-type=\"widget\" data-widget_type=\"spacer.default\">\n\t\t\t\t<div class=\"elementor-widget-container\">\n\t\t\t\t\t\t\t<div class=\"elementor-spacer\">\n\t\t\t<div class=\"elementor-spacer-inner\"><\/div>\n\t\t<\/div>\n\t\t\t\t\t\t<\/div>\n\t\t\t\t<\/div>\n\t\t\t\t<div class=\"elementor-element elementor-element-d452476 sc_height_small sc_fly_static elementor-widget elementor-widget-spacer\" data-id=\"d452476\" data-element_type=\"widget\" data-e-type=\"widget\" data-widget_type=\"spacer.default\">\n\t\t\t\t<div class=\"elementor-widget-container\">\n\t\t\t\t\t\t\t<div class=\"elementor-spacer\">\n\t\t\t<div class=\"elementor-spacer-inner\"><\/div>\n\t\t<\/div>\n\t\t\t\t\t\t<\/div>\n\t\t\t\t<\/div>\n\t\t\t\t<div class=\"elementor-element elementor-element-9b8ac60 sc_height_huge sc_fly_static elementor-widget elementor-widget-spacer\" data-id=\"9b8ac60\" data-element_type=\"widget\" data-e-type=\"widget\" data-widget_type=\"spacer.default\">\n\t\t\t\t<div class=\"elementor-widget-container\">\n\t\t\t\t\t\t\t<div class=\"elementor-spacer\">\n\t\t\t<div class=\"elementor-spacer-inner\"><\/div>\n\t\t<\/div>\n\t\t\t\t\t\t<\/div>\n\t\t\t\t<\/div>\n\t\t\t\t<div class=\"elementor-element elementor-element-799483a sc_fly_static elementor-widget elementor-widget-spacer\" data-id=\"799483a\" data-element_type=\"widget\" data-e-type=\"widget\" data-widget_type=\"spacer.default\">\n\t\t\t\t<div class=\"elementor-widget-container\">\n\t\t\t\t\t\t\t<div class=\"elementor-spacer\">\n\t\t\t<div class=\"elementor-spacer-inner\"><\/div>\n\t\t<\/div>\n\t\t\t\t\t\t<\/div>\n\t\t\t\t<\/div>\n\t\t\t\t\t<\/div>\n\t\t<\/div>\n\t\t\t\t\t<\/div>\n\t\t<\/section>\n\t\t\t\t<\/div>\n\t\t","protected":false},"excerpt":{"rendered":"<p>About Us Antalya is the pearl of the Mediterranean and the most popular holiday destination. It is a unique opportunity for you to have a wonderful vacation and have your&hellip;<\/p>\n","protected":false},"author":1,"featured_media":0,"parent":0,"menu_order":0,"comment_status":"closed","ping_status":"closed","template":"","meta":{"footnotes":""},"class_list":["post-23236","page","type-page","status-publish","hentry"],"_links":{"self":[{"href":"https:\/\/dentinantalya.com\/en\/wp-json\/wp\/v2\/pages\/23236","targetHints":{"allow":["GET"]}}],"collection":[{"href":"https:\/\/dentinantalya.com\/en\/wp-json\/wp\/v2\/pages"}],"about":[{"href":"https:\/\/dentinantalya.com\/en\/wp-json\/wp\/v2\/types\/page"}],"author":[{"embeddable":true,"href":"https:\/\/dentinantalya.com\/en\/wp-json\/wp\/v2\/users\/1"}],"replies":[{"embeddable":true,"href":"https:\/\/dentinantalya.com\/en\/wp-json\/wp\/v2\/comments?post=23236"}],"version-history":[{"count":3,"href":"https:\/\/dentinantalya.com\/en\/wp-json\/wp\/v2\/pages\/23236\/revisions"}],"predecessor-version":[{"id":23567,"href":"https:\/\/dentinantalya.com\/en\/wp-json\/wp\/v2\/pages\/23236\/revisions\/23567"}],"wp:attachment":[{"href":"https:\/\/dentinantalya.com\/en\/wp-json\/wp\/v2\/media?parent=23236"}],"curies":[{"name":"wp","href":"https:\/\/api.w.org\/{rel}","templated":true}]}}