{"id":23246,"date":"2023-01-24T22:58:55","date_gmt":"2023-01-24T22:58:55","guid":{"rendered":"https:\/\/dentinantalya.com\/haeufig-gestellte-fragen\/"},"modified":"2025-01-10T15:56:58","modified_gmt":"2025-01-10T15:56:58","slug":"haeufig-gestellte-fragen","status":"publish","type":"page","link":"https:\/\/dentinantalya.com\/de\/haeufig-gestellte-fragen\/","title":{"rendered":"H\u00e4ufig gestellte Fragen"},"content":{"rendered":"\t\t<div data-elementor-type=\"wp-page\" data-elementor-id=\"23246\" class=\"elementor elementor-23246\">\n\t\t\t\t\t\t<section class=\"elementor-section elementor-top-section elementor-element elementor-element-35289c1e elementor-section-boxed elementor-section-height-default elementor-section-height-default sc_fly_static\" data-id=\"35289c1e\" data-element_type=\"section\">\n\t\t\t\t\t\t<div class=\"elementor-container elementor-column-gap-extended\">\n\t\t\t\t\t<div class=\"elementor-column elementor-col-100 elementor-top-column elementor-element elementor-element-6d152400 sc_content_align_inherit sc_layouts_column_icons_position_left sc_fly_static\" data-id=\"6d152400\" data-element_type=\"column\">\n\t\t\t<div class=\"elementor-widget-wrap elementor-element-populated\">\n\t\t\t\t\t\t<div class=\"elementor-element elementor-element-a0d94c7 sc_fly_static elementor-widget elementor-widget-spacer\" data-id=\"a0d94c7\" data-element_type=\"widget\" data-widget_type=\"spacer.default\">\n\t\t\t\t<div class=\"elementor-widget-container\">\n\t\t\t\t\t\t\t<div class=\"elementor-spacer\">\n\t\t\t<div class=\"elementor-spacer-inner\"><\/div>\n\t\t<\/div>\n\t\t\t\t\t\t<\/div>\n\t\t\t\t<\/div>\n\t\t\t\t\t<\/div>\n\t\t<\/div>\n\t\t\t\t\t<\/div>\n\t\t<\/section>\n\t\t\t\t<section class=\"elementor-section elementor-top-section elementor-element elementor-element-1ad8dd34 elementor-section-boxed elementor-section-height-default elementor-section-height-default sc_fly_static\" data-id=\"1ad8dd34\" data-element_type=\"section\">\n\t\t\t\t\t\t<div class=\"elementor-container elementor-column-gap-extended\">\n\t\t\t\t\t<div class=\"elementor-column elementor-col-25 elementor-top-column elementor-element elementor-element-2e2da2eb sc_content_align_inherit sc_layouts_column_icons_position_left sc_fly_static\" data-id=\"2e2da2eb\" data-element_type=\"column\">\n\t\t\t<div class=\"elementor-widget-wrap\">\n\t\t\t\t\t\t\t<\/div>\n\t\t<\/div>\n\t\t\t\t<div class=\"elementor-column elementor-col-50 elementor-top-column elementor-element elementor-element-339d5ab5 sc_content_align_inherit sc_layouts_column_icons_position_left sc_fly_static\" data-id=\"339d5ab5\" data-element_type=\"column\">\n\t\t\t<div class=\"elementor-widget-wrap elementor-element-populated\">\n\t\t\t\t\t\t<div class=\"elementor-element elementor-element-3b4d43da sc_fly_static elementor-widget elementor-widget-toggle\" data-id=\"3b4d43da\" data-element_type=\"widget\" data-widget_type=\"toggle.default\">\n\t\t\t\t<div class=\"elementor-widget-container\">\n\t\t\t\t\t\t\t<div class=\"elementor-toggle\">\n\t\t\t\t\t\t\t<div class=\"elementor-toggle-item\">\n\t\t\t\t\t<h4 id=\"elementor-tab-title-9941\" class=\"elementor-tab-title\" data-tab=\"1\" role=\"button\" aria-controls=\"elementor-tab-content-9941\" aria-expanded=\"false\">\n\t\t\t\t\t\t\t\t\t\t\t\t<span class=\"elementor-toggle-icon elementor-toggle-icon-right\" aria-hidden=\"true\">\n\t\t\t\t\t\t\t\t\t\t\t\t\t\t\t<span class=\"elementor-toggle-icon-closed\"><i class=\"fas fa-plus\"><\/i><\/span>\n\t\t\t\t\t\t\t\t<span class=\"elementor-toggle-icon-opened\"><i class=\"elementor-toggle-icon-opened fas fa-minus\"><\/i><\/span>\n\t\t\t\t\t\t\t\t\t\t\t\t\t<\/span>\n\t\t\t\t\t\t\t\t\t\t\t\t<a class=\"elementor-toggle-title\" tabindex=\"0\">Kann jeder Zahnarzt eine Implantatbehandlung durchf\u00fchren?<\/a>\n\t\t\t\t\t<\/h4>\n\n\t\t\t\t\t<div id=\"elementor-tab-content-9941\" class=\"elementor-tab-content elementor-clearfix\" data-tab=\"1\" role=\"region\" aria-labelledby=\"elementor-tab-title-9941\"><p>Die Implantatausbildung wird in verschiedenen Kursen und an Universit\u00e4ten angeboten. Einschl\u00e4gige Zahn\u00e4rzte verbessern sich durch die Teilnahme an dieser Fortbildung. Heutzutage sind Implantate zu einem unverzichtbaren Bestandteil der modernen Zahnmedizin geworden. Zweifeln Sie nicht daran, dass Sie die Implantate, die unter sterilen Bedingungen von einem erfahrenen und erfolgreichen Team hergestellt wurden, viele Jahre lang verwenden werden.<\/p>\n<\/div>\n\t\t\t\t<\/div>\n\t\t\t\t\t\t\t<div class=\"elementor-toggle-item\">\n\t\t\t\t\t<h4 id=\"elementor-tab-title-9942\" class=\"elementor-tab-title\" data-tab=\"2\" role=\"button\" aria-controls=\"elementor-tab-content-9942\" aria-expanded=\"false\">\n\t\t\t\t\t\t\t\t\t\t\t\t<span class=\"elementor-toggle-icon elementor-toggle-icon-right\" aria-hidden=\"true\">\n\t\t\t\t\t\t\t\t\t\t\t\t\t\t\t<span class=\"elementor-toggle-icon-closed\"><i class=\"fas fa-plus\"><\/i><\/span>\n\t\t\t\t\t\t\t\t<span class=\"elementor-toggle-icon-opened\"><i class=\"elementor-toggle-icon-opened fas fa-minus\"><\/i><\/span>\n\t\t\t\t\t\t\t\t\t\t\t\t\t<\/span>\n\t\t\t\t\t\t\t\t\t\t\t\t<a class=\"elementor-toggle-title\" tabindex=\"0\">Was Sie \u00fcber die Z\u00e4hne Ihres Babys wissen sollten<\/a>\n\t\t\t\t\t<\/h4>\n\n\t\t\t\t\t<div id=\"elementor-tab-content-9942\" class=\"elementor-tab-content elementor-clearfix\" data-tab=\"2\" role=\"region\" aria-labelledby=\"elementor-tab-title-9942\"><p>Babys bekommen ihre ersten Z\u00e4hne in der Regel im Alter von 6-8 Monaten. Und im Alter von 2,5-3 Jahren haben sie insgesamt 20 Z\u00e4hne. Ab diesem Alter sollte die Gewohnheit des Z\u00e4hneputzens mit Ihrer Hilfe schrittweise eingef\u00fchrt werden.<\/p>\n<p>Milchz\u00e4hne sollten behandelt werden, wenn Karies auftritt, da sie als Orientierungshilfe f\u00fcr die bleibenden Z\u00e4hne dienen werden. Es sollte nicht vergessen werden, dass dies in der Zukunft zu schiefen Z\u00e4hnen, einer gest\u00f6rten Kieferentwicklung und allgemeinen Gesundheitsproblemen (Rheuma, Herzerkrankungen usw.) f\u00fchren kann. Es ist auch sinnvoll, das Mehl alle 6 Monate zur Vorbeugung aufzutragen.<\/p>\n<\/div>\n\t\t\t\t<\/div>\n\t\t\t\t\t\t\t<div class=\"elementor-toggle-item\">\n\t\t\t\t\t<h4 id=\"elementor-tab-title-9943\" class=\"elementor-tab-title\" data-tab=\"3\" role=\"button\" aria-controls=\"elementor-tab-content-9943\" aria-expanded=\"false\">\n\t\t\t\t\t\t\t\t\t\t\t\t<span class=\"elementor-toggle-icon elementor-toggle-icon-right\" aria-hidden=\"true\">\n\t\t\t\t\t\t\t\t\t\t\t\t\t\t\t<span class=\"elementor-toggle-icon-closed\"><i class=\"fas fa-plus\"><\/i><\/span>\n\t\t\t\t\t\t\t\t<span class=\"elementor-toggle-icon-opened\"><i class=\"elementor-toggle-icon-opened fas fa-minus\"><\/i><\/span>\n\t\t\t\t\t\t\t\t\t\t\t\t\t<\/span>\n\t\t\t\t\t\t\t\t\t\t\t\t<a class=\"elementor-toggle-title\" tabindex=\"0\">Was sollte ich tun, wenn ich im Schlaf mit den Z\u00e4hnen knirsche?<\/a>\n\t\t\t\t\t<\/h4>\n\n\t\t\t\t\t<div id=\"elementor-tab-content-9943\" class=\"elementor-tab-content elementor-clearfix\" data-tab=\"3\" role=\"region\" aria-labelledby=\"elementor-tab-title-9943\"><p>Das Knirschen oder Zusammenpressen der Z\u00e4hne (Bruxismus) verursacht \u00fcberm\u00e4\u00dfigen Druck auf die Z\u00e4hne, was zu einer Abnutzung der Zahnkronen und einer Verk\u00fcrzung der Zahnkronen, K\u00e4lte- und Hitzeempfindlichkeit f\u00fchrt.<\/p>\n<p>Au\u00dferdem k\u00f6nnen M\u00fcdigkeit im Kiefer, Gelenkschmerzen und Tinnitus auftreten, wenn Sie morgens aufwachen. Dies kann mit einer speziellen Apparatur verhindert werden, die von Ihrem Zahnarzt hergestellt wird.<\/p>\n<\/div>\n\t\t\t\t<\/div>\n\t\t\t\t\t\t\t<div class=\"elementor-toggle-item\">\n\t\t\t\t\t<h4 id=\"elementor-tab-title-9944\" class=\"elementor-tab-title\" data-tab=\"4\" role=\"button\" aria-controls=\"elementor-tab-content-9944\" aria-expanded=\"false\">\n\t\t\t\t\t\t\t\t\t\t\t\t<span class=\"elementor-toggle-icon elementor-toggle-icon-right\" aria-hidden=\"true\">\n\t\t\t\t\t\t\t\t\t\t\t\t\t\t\t<span class=\"elementor-toggle-icon-closed\"><i class=\"fas fa-plus\"><\/i><\/span>\n\t\t\t\t\t\t\t\t<span class=\"elementor-toggle-icon-opened\"><i class=\"elementor-toggle-icon-opened fas fa-minus\"><\/i><\/span>\n\t\t\t\t\t\t\t\t\t\t\t\t\t<\/span>\n\t\t\t\t\t\t\t\t\t\t\t\t<a class=\"elementor-toggle-title\" tabindex=\"0\">Wie beseitigt man schlechten Atemgeruch?<\/a>\n\t\t\t\t\t<\/h4>\n\n\t\t\t\t\t<div id=\"elementor-tab-content-9944\" class=\"elementor-tab-content elementor-clearfix\" data-tab=\"4\" role=\"region\" aria-labelledby=\"elementor-tab-title-9944\"><ul>\n<li>Zahnkaries und Zahnfleischerkrankungen sollten behandelt werden.<\/li>\n<li>Vergrabene und tief verwurzelte Karies muss entfernt werden.<\/li>\n<li>Alle Zahnoberfl\u00e4chen und die R\u00fcckseite der Zunge sollten sehr gut geb\u00fcrstet werden.<\/li>\n<li>Bei Mundtrockenheit sollte die Ursache gefunden und beseitigt werden.<\/li>\n<li>Alkohol und Rauchen sollten eingestellt werden.<\/li>\n<\/ul>\n<p><strong>Wenn Sie nach den Eingriffen immer noch Mundgeruch haben, sollten andere Ursachen untersucht werden;<\/strong><\/p>\n<ul>\n<li>Andere Infektionen der Nasennebenh\u00f6hlen und der Lunge<\/li>\n<li>Diabetes<\/li>\n<li>Nierenversagen<\/li>\n<li>St\u00f6rung des Stoffwechsels<\/li>\n<li>Leberversagen<\/li>\n<\/ul>\n<\/div>\n\t\t\t\t<\/div>\n\t\t\t\t\t\t\t<div class=\"elementor-toggle-item\">\n\t\t\t\t\t<h4 id=\"elementor-tab-title-9945\" class=\"elementor-tab-title\" data-tab=\"5\" role=\"button\" aria-controls=\"elementor-tab-content-9945\" aria-expanded=\"false\">\n\t\t\t\t\t\t\t\t\t\t\t\t<span class=\"elementor-toggle-icon elementor-toggle-icon-right\" aria-hidden=\"true\">\n\t\t\t\t\t\t\t\t\t\t\t\t\t\t\t<span class=\"elementor-toggle-icon-closed\"><i class=\"fas fa-plus\"><\/i><\/span>\n\t\t\t\t\t\t\t\t<span class=\"elementor-toggle-icon-opened\"><i class=\"elementor-toggle-icon-opened fas fa-minus\"><\/i><\/span>\n\t\t\t\t\t\t\t\t\t\t\t\t\t<\/span>\n\t\t\t\t\t\t\t\t\t\t\t\t<a class=\"elementor-toggle-title\" tabindex=\"0\">Wie wirkt sich eine Schwangerschaft auf die Mundgesundheit aus?<\/a>\n\t\t\t\t\t<\/h4>\n\n\t\t\t\t\t<div id=\"elementor-tab-content-9945\" class=\"elementor-tab-content elementor-clearfix\" data-tab=\"5\" role=\"region\" aria-labelledby=\"elementor-tab-title-9945\"><p>Der Anstieg der Hormone \u00d6strogen und Progestron erh\u00f6ht die Bildung von bakteriellem Zahnbelag auf den Z\u00e4hnen. Wenn die Plaque nicht entfernt wird, verursacht sie eine Gingivitis, die wir als Schwangerschaftsgingivitis bezeichnen. Wenn die Gingivitis bereits vor der Schwangerschaft vorhanden war, nimmt sie an Schwere zu und entwickelt sich zu einer Parodontitis. Das Zahnfleisch ist geschwollen, rot, lobul\u00e4r und neigt zu Blutungen.<\/p>\n<p>Wenn eine Schwangerschaft geplant ist, ist es daher sinnvoll, den Zahnarzt im Voraus zu besuchen. W\u00e4hrend der Schwangerschaft sollte eine sorgf\u00e4ltige Zahnreinigung durchgef\u00fchrt, eine ausgewogene Ern\u00e4hrung eingehalten und die Vitamine B 12 und C oral zugef\u00fchrt werden.<\/p>\n<p>Falls erforderlich, k\u00f6nnen ein oder zwei R\u00f6ntgenaufnahmen durch den Mund gemacht werden. Obwohl die Dosis niedrig ist und der bestrahlte Bereich weit vom Bauch entfernt ist, muss eine Bleisch\u00fcrze getragen werden.<\/p>\n<p>Antibiotika der Tetrazyklin-Gruppe, die Verf\u00e4rbungen an den Z\u00e4hnen des Babys verursachen k\u00f6nnen, sollten w\u00e4hrend der Schwangerschaft vermieden werden.<\/p>\n<\/div>\n\t\t\t\t<\/div>\n\t\t\t\t\t\t\t<div class=\"elementor-toggle-item\">\n\t\t\t\t\t<h4 id=\"elementor-tab-title-9946\" class=\"elementor-tab-title\" data-tab=\"6\" role=\"button\" aria-controls=\"elementor-tab-content-9946\" aria-expanded=\"false\">\n\t\t\t\t\t\t\t\t\t\t\t\t<span class=\"elementor-toggle-icon elementor-toggle-icon-right\" aria-hidden=\"true\">\n\t\t\t\t\t\t\t\t\t\t\t\t\t\t\t<span class=\"elementor-toggle-icon-closed\"><i class=\"fas fa-plus\"><\/i><\/span>\n\t\t\t\t\t\t\t\t<span class=\"elementor-toggle-icon-opened\"><i class=\"elementor-toggle-icon-opened fas fa-minus\"><\/i><\/span>\n\t\t\t\t\t\t\t\t\t\t\t\t\t<\/span>\n\t\t\t\t\t\t\t\t\t\t\t\t<a class=\"elementor-toggle-title\" tabindex=\"0\">Schadet die Zahnsteinreinigung den Z\u00e4hnen?<\/a>\n\t\t\t\t\t<\/h4>\n\n\t\t\t\t\t<div id=\"elementor-tab-content-9946\" class=\"elementor-tab-content elementor-clearfix\" data-tab=\"6\" role=\"region\" aria-labelledby=\"elementor-tab-title-9946\"><p>Bei der Zahnsteinreinigung werden f\u00e4rbende Substanzen wie Tee, Kaffee, Zigaretten und Zahnstein, die sich auf den Z\u00e4hnen angesammelt haben, mit Hilfe von Ultraschall (vibrierenden Ger\u00e4ten) entfernt. Der Zahnschmelz wird nicht gesch\u00e4digt. Im Gegenteil, wenn der Zahnstein auf dem Zahn nicht entfernt wird, kommt es zu Zahnfleischerkrankungen, Zahnfleischr\u00fcckgang und Mundgeruch. Die effektivste Art, die Mund- und Zahngesundheit zu sch\u00fctzen, ist regelm\u00e4\u00dfiges, zweimal t\u00e4gliches Z\u00e4hneputzen, die Verwendung von Zahnseide und ein zweimaliger Besuch beim Zahnarzt pro Jahr.<\/p>\n<\/div>\n\t\t\t\t<\/div>\n\t\t\t\t\t\t\t\t<\/div>\n\t\t\t\t\t\t<\/div>\n\t\t\t\t<\/div>\n\t\t\t\t\t<\/div>\n\t\t<\/div>\n\t\t\t\t<div class=\"elementor-column elementor-col-25 elementor-top-column elementor-element elementor-element-3e426397 sc_content_align_inherit sc_layouts_column_icons_position_left sc_fly_static\" data-id=\"3e426397\" data-element_type=\"column\">\n\t\t\t<div class=\"elementor-widget-wrap\">\n\t\t\t\t\t\t\t<\/div>\n\t\t<\/div>\n\t\t\t\t\t<\/div>\n\t\t<\/section>\n\t\t\t\t<section class=\"elementor-section elementor-top-section elementor-element elementor-element-32dc0a28 elementor-section-boxed elementor-section-height-default elementor-section-height-default sc_fly_static\" data-id=\"32dc0a28\" data-element_type=\"section\">\n\t\t\t\t\t\t<div class=\"elementor-container elementor-column-gap-extended\">\n\t\t\t\t\t<div class=\"elementor-column elementor-col-100 elementor-top-column elementor-element elementor-element-2b08ec3e sc_content_align_inherit sc_layouts_column_icons_position_left sc_fly_static\" data-id=\"2b08ec3e\" data-element_type=\"column\">\n\t\t\t<div class=\"elementor-widget-wrap elementor-element-populated\">\n\t\t\t\t\t\t<div class=\"elementor-element elementor-element-2244d19d sc_height_huge sc_fly_static elementor-widget elementor-widget-spacer\" data-id=\"2244d19d\" data-element_type=\"widget\" data-widget_type=\"spacer.default\">\n\t\t\t\t<div class=\"elementor-widget-container\">\n\t\t\t\t\t\t\t<div class=\"elementor-spacer\">\n\t\t\t<div class=\"elementor-spacer-inner\"><\/div>\n\t\t<\/div>\n\t\t\t\t\t\t<\/div>\n\t\t\t\t<\/div>\n\t\t\t\t<div class=\"elementor-element elementor-element-8f0d8f8 sc_fly_static elementor-widget elementor-widget-spacer\" data-id=\"8f0d8f8\" data-element_type=\"widget\" data-widget_type=\"spacer.default\">\n\t\t\t\t<div class=\"elementor-widget-container\">\n\t\t\t\t\t\t\t<div class=\"elementor-spacer\">\n\t\t\t<div class=\"elementor-spacer-inner\"><\/div>\n\t\t<\/div>\n\t\t\t\t\t\t<\/div>\n\t\t\t\t<\/div>\n\t\t\t\t\t<\/div>\n\t\t<\/div>\n\t\t\t\t\t<\/div>\n\t\t<\/section>\n\t\t\t\t<section class=\"elementor-section elementor-top-section elementor-element elementor-element-4b1d35a9 elementor-section-full_width elementor-section-height-default elementor-section-height-default sc_fly_static\" data-id=\"4b1d35a9\" data-element_type=\"section\">\n\t\t\t\t\t\t<div class=\"elementor-container elementor-column-gap-no\">\n\t\t\t\t\t<div class=\"elementor-column elementor-col-100 elementor-top-column elementor-element elementor-element-591f16e7 sc_content_align_inherit sc_layouts_column_icons_position_left sc_fly_static\" data-id=\"591f16e7\" data-element_type=\"column\">\n\t\t\t<div class=\"elementor-widget-wrap elementor-element-populated\">\n\t\t\t\t\t\t<div class=\"elementor-element elementor-element-2e1186e5 no-title sc_fly_static elementor-widget elementor-widget-image\" data-id=\"2e1186e5\" data-element_type=\"widget\" data-widget_type=\"image.default\">\n\t\t\t\t<div class=\"elementor-widget-container\">\n\t\t\t\t\t\t\t\t\t\t\t\t\t\t\t<img decoding=\"async\" src=\"https:\/\/dentinantalya.com\/wp-content\/uploads\/elementor\/thumbs\/home1-image2-copyright-qxv83fwwp55dey4l3b5cpfdylmyo1ukq4aje46xi78.jpg\" title=\"home1-image2-copyright\" alt=\"home1-image2-copyright\" loading=\"lazy\" \/>\t\t\t\t\t\t\t\t\t\t\t\t\t\t\t<\/div>\n\t\t\t\t<\/div>\n\t\t\t\t\t<\/div>\n\t\t<\/div>\n\t\t\t\t\t<\/div>\n\t\t<\/section>\n\t\t\t\t<section class=\"elementor-section elementor-top-section elementor-element elementor-element-5456fee8 elementor-section-boxed elementor-section-height-default elementor-section-height-default sc_fly_static\" data-id=\"5456fee8\" data-element_type=\"section\">\n\t\t\t\t\t\t<div class=\"elementor-container elementor-column-gap-extended\">\n\t\t\t\t\t<div class=\"elementor-column elementor-col-100 elementor-top-column elementor-element elementor-element-4912c386 sc_content_align_inherit sc_layouts_column_icons_position_left sc_fly_static\" data-id=\"4912c386\" data-element_type=\"column\">\n\t\t\t<div class=\"elementor-widget-wrap elementor-element-populated\">\n\t\t\t\t\t\t<div class=\"elementor-element elementor-element-1e19e5f sc_fly_static elementor-widget elementor-widget-spacer\" data-id=\"1e19e5f\" data-element_type=\"widget\" data-widget_type=\"spacer.default\">\n\t\t\t\t<div class=\"elementor-widget-container\">\n\t\t\t\t\t\t\t<div class=\"elementor-spacer\">\n\t\t\t<div class=\"elementor-spacer-inner\"><\/div>\n\t\t<\/div>\n\t\t\t\t\t\t<\/div>\n\t\t\t\t<\/div>\n\t\t\t\t\t<\/div>\n\t\t<\/div>\n\t\t\t\t\t<\/div>\n\t\t<\/section>\n\t\t\t\t<\/div>\n\t\t","protected":false},"excerpt":{"rendered":"<p>Kann jeder Zahnarzt eine Implantatbehandlung durchf\u00fchren? Die Implantatausbildung wird in verschiedenen Kursen und an Universit\u00e4ten angeboten. Einschl\u00e4gige Zahn\u00e4rzte verbessern sich durch die Teilnahme an dieser Fortbildung. Heutzutage sind Implantate zu&hellip;<\/p>\n","protected":false},"author":1,"featured_media":0,"parent":0,"menu_order":0,"comment_status":"closed","ping_status":"closed","template":"","meta":{"footnotes":""},"class_list":["post-23246","page","type-page","status-publish","hentry"],"_links":{"self":[{"href":"https:\/\/dentinantalya.com\/de\/wp-json\/wp\/v2\/pages\/23246","targetHints":{"allow":["GET"]}}],"collection":[{"href":"https:\/\/dentinantalya.com\/de\/wp-json\/wp\/v2\/pages"}],"about":[{"href":"https:\/\/dentinantalya.com\/de\/wp-json\/wp\/v2\/types\/page"}],"author":[{"embeddable":true,"href":"https:\/\/dentinantalya.com\/de\/wp-json\/wp\/v2\/users\/1"}],"replies":[{"embeddable":true,"href":"https:\/\/dentinantalya.com\/de\/wp-json\/wp\/v2\/comments?post=23246"}],"version-history":[{"count":1,"href":"https:\/\/dentinantalya.com\/de\/wp-json\/wp\/v2\/pages\/23246\/revisions"}],"predecessor-version":[{"id":23250,"href":"https:\/\/dentinantalya.com\/de\/wp-json\/wp\/v2\/pages\/23246\/revisions\/23250"}],"wp:attachment":[{"href":"https:\/\/dentinantalya.com\/de\/wp-json\/wp\/v2\/media?parent=23246"}],"curies":[{"name":"wp","href":"https:\/\/api.w.org\/{rel}","templated":true}]}}