{"id":23242,"date":"2023-01-25T00:40:42","date_gmt":"2023-01-25T00:40:42","guid":{"rendered":"https:\/\/dentinantalya.com\/ueber-uns\/"},"modified":"2025-01-10T15:57:01","modified_gmt":"2025-01-10T15:57:01","slug":"ueber-uns","status":"publish","type":"page","link":"https:\/\/dentinantalya.com\/de\/ueber-uns\/","title":{"rendered":"\u00dcber uns"},"content":{"rendered":"\t\t<div data-elementor-type=\"wp-page\" data-elementor-id=\"23242\" class=\"elementor elementor-23242\">\n\t\t\t\t\t\t<section class=\"elementor-section elementor-top-section elementor-element elementor-element-afa98d9 elementor-section-boxed elementor-section-height-default elementor-section-height-default sc_fly_static\" data-id=\"afa98d9\" data-element_type=\"section\">\n\t\t\t\t\t\t<div class=\"elementor-container elementor-column-gap-extended\">\n\t\t\t\t\t<div class=\"elementor-column elementor-col-100 elementor-top-column elementor-element elementor-element-da7431a sc_content_align_inherit sc_layouts_column_icons_position_left sc_fly_static\" data-id=\"da7431a\" data-element_type=\"column\">\n\t\t\t<div class=\"elementor-widget-wrap elementor-element-populated\">\n\t\t\t\t\t\t<div class=\"elementor-element elementor-element-696150e elementor-widget-tablet__width-initial sc_fly_static elementor-widget elementor-widget-spacer\" data-id=\"696150e\" data-element_type=\"widget\" data-widget_type=\"spacer.default\">\n\t\t\t\t<div class=\"elementor-widget-container\">\n\t\t\t\t\t\t\t<div class=\"elementor-spacer\">\n\t\t\t<div class=\"elementor-spacer-inner\"><\/div>\n\t\t<\/div>\n\t\t\t\t\t\t<\/div>\n\t\t\t\t<\/div>\n\t\t\t\t<div class=\"elementor-element elementor-element-ad8c45e sc_fly_static elementor-widget elementor-widget-heading\" data-id=\"ad8c45e\" data-element_type=\"widget\" data-widget_type=\"heading.default\">\n\t\t\t\t<div class=\"elementor-widget-container\">\n\t\t\t\t\t<h1 class=\"elementor-heading-title elementor-size-default\">\u00dcber uns<\/h1>\t\t\t\t<\/div>\n\t\t\t\t<\/div>\n\t\t\t\t<div class=\"elementor-element elementor-element-27ff1e6 sc_height_medium sc_fly_static elementor-widget elementor-widget-spacer\" data-id=\"27ff1e6\" data-element_type=\"widget\" data-widget_type=\"spacer.default\">\n\t\t\t\t<div class=\"elementor-widget-container\">\n\t\t\t\t\t\t\t<div class=\"elementor-spacer\">\n\t\t\t<div class=\"elementor-spacer-inner\"><\/div>\n\t\t<\/div>\n\t\t\t\t\t\t<\/div>\n\t\t\t\t<\/div>\n\t\t\t\t\t<\/div>\n\t\t<\/div>\n\t\t\t\t\t<\/div>\n\t\t<\/section>\n\t\t\t\t<section class=\"elementor-section elementor-top-section elementor-element elementor-element-eed61ea elementor-section-boxed elementor-section-height-default elementor-section-height-default sc_fly_static\" data-id=\"eed61ea\" data-element_type=\"section\">\n\t\t\t\t\t\t<div class=\"elementor-container elementor-column-gap-no\">\n\t\t\t\t\t<div class=\"elementor-column elementor-col-50 elementor-top-column elementor-element elementor-element-68137d3 sc_content_align_inherit sc_layouts_column_icons_position_left sc_fly_static\" data-id=\"68137d3\" data-element_type=\"column\" data-settings=\"{&quot;background_background&quot;:&quot;classic&quot;}\">\n\t\t\t<div class=\"elementor-widget-wrap elementor-element-populated\">\n\t\t\t\t\t\t<div class=\"elementor-element elementor-element-0b109c7 elementor-widget-tablet__width-initial sc_fly_static elementor-widget elementor-widget-spacer\" data-id=\"0b109c7\" data-element_type=\"widget\" data-widget_type=\"spacer.default\">\n\t\t\t\t<div class=\"elementor-widget-container\">\n\t\t\t\t\t\t\t<div class=\"elementor-spacer\">\n\t\t\t<div class=\"elementor-spacer-inner\"><\/div>\n\t\t<\/div>\n\t\t\t\t\t\t<\/div>\n\t\t\t\t<\/div>\n\t\t\t\t\t<\/div>\n\t\t<\/div>\n\t\t\t\t<div class=\"elementor-column elementor-col-50 elementor-top-column elementor-element elementor-element-98e2037 sc_content_align_inherit sc_layouts_column_icons_position_left sc_fly_static\" data-id=\"98e2037\" data-element_type=\"column\">\n\t\t\t<div class=\"elementor-widget-wrap elementor-element-populated\">\n\t\t\t\t\t\t<div class=\"elementor-element elementor-element-04f5267 sc_height_medium sc_fly_static elementor-widget elementor-widget-spacer\" data-id=\"04f5267\" data-element_type=\"widget\" data-widget_type=\"spacer.default\">\n\t\t\t\t<div class=\"elementor-widget-container\">\n\t\t\t\t\t\t\t<div class=\"elementor-spacer\">\n\t\t\t<div class=\"elementor-spacer-inner\"><\/div>\n\t\t<\/div>\n\t\t\t\t\t\t<\/div>\n\t\t\t\t<\/div>\n\t\t\t\t<div class=\"elementor-element elementor-element-289305e elementor-widget-tablet__width-initial sc_fly_static elementor-widget elementor-widget-text-editor\" data-id=\"289305e\" data-element_type=\"widget\" data-widget_type=\"text-editor.default\">\n\t\t\t\t<div class=\"elementor-widget-container\">\n\t\t\t\t\t\t\t\t\t<p>Antalya ist die Perle des Mittelmeers und das beliebteste Urlaubszentrum. Hier haben Sie die M\u00f6glichkeit, einen wunderbaren Urlaub zu verbringen und sich zahn\u00e4rztlich behandeln zu lassen. Dank unserer g\u00fcnstigen Preise k\u00f6nnen Sie sicher sein, dass Ihr Urlaub oder Ihre Zahnbehandlung kostenlos ist. Behandlungen, die in unseren Kliniken durchgef\u00fchrt werden, kosten etwa 80% weniger als in Europa. Das liegt an den niedrigeren Lohn- und Inputkosten, obwohl die Qualit\u00e4t und die verwendeten Materialien genau dieselben sind wie in Europa.<\/p>\n\t\t\t\t\t\t\t\t<\/div>\n\t\t\t\t<\/div>\n\t\t\t\t<div class=\"elementor-element elementor-element-6222e35 sc_height_medium sc_fly_static elementor-widget elementor-widget-spacer\" data-id=\"6222e35\" data-element_type=\"widget\" data-widget_type=\"spacer.default\">\n\t\t\t\t<div class=\"elementor-widget-container\">\n\t\t\t\t\t\t\t<div class=\"elementor-spacer\">\n\t\t\t<div class=\"elementor-spacer-inner\"><\/div>\n\t\t<\/div>\n\t\t\t\t\t\t<\/div>\n\t\t\t\t<\/div>\n\t\t\t\t\t<\/div>\n\t\t<\/div>\n\t\t\t\t\t<\/div>\n\t\t<\/section>\n\t\t\t\t<section class=\"elementor-section elementor-top-section elementor-element elementor-element-9f1ec0b elementor-section-boxed elementor-section-height-default elementor-section-height-default sc_fly_static\" data-id=\"9f1ec0b\" data-element_type=\"section\">\n\t\t\t\t\t\t<div class=\"elementor-container elementor-column-gap-extended\">\n\t\t\t\t\t<div class=\"elementor-column elementor-col-100 elementor-top-column elementor-element elementor-element-aea2b39 sc_content_align_inherit sc_layouts_column_icons_position_left sc_fly_static\" data-id=\"aea2b39\" data-element_type=\"column\">\n\t\t\t<div class=\"elementor-widget-wrap\">\n\t\t\t\t\t\t\t<\/div>\n\t\t<\/div>\n\t\t\t\t\t<\/div>\n\t\t<\/section>\n\t\t\t\t<section class=\"elementor-section elementor-top-section elementor-element elementor-element-144f3d79 elementor-section-content-middle scheme_light elementor-section-boxed elementor-section-height-default elementor-section-height-default sc_fly_static\" data-id=\"144f3d79\" data-element_type=\"section\" data-settings=\"{&quot;background_background&quot;:&quot;classic&quot;}\">\n\t\t\t\t\t\t<div class=\"elementor-container elementor-column-gap-extended\">\n\t\t\t\t\t<div class=\"elementor-column elementor-col-50 elementor-top-column elementor-element elementor-element-da2a9e7 sc_content_align_inherit sc_layouts_column_icons_position_left sc_fly_static\" data-id=\"da2a9e7\" data-element_type=\"column\">\n\t\t\t<div class=\"elementor-widget-wrap elementor-element-populated\">\n\t\t\t\t\t\t<div class=\"elementor-element elementor-element-cab7b37 sc_height_medium sc_fly_static elementor-widget elementor-widget-spacer\" data-id=\"cab7b37\" data-element_type=\"widget\" data-widget_type=\"spacer.default\">\n\t\t\t\t<div class=\"elementor-widget-container\">\n\t\t\t\t\t\t\t<div class=\"elementor-spacer\">\n\t\t\t<div class=\"elementor-spacer-inner\"><\/div>\n\t\t<\/div>\n\t\t\t\t\t\t<\/div>\n\t\t\t\t<\/div>\n\t\t\t\t<div class=\"elementor-element elementor-element-7f35d1f sc_fly_static elementor-widget elementor-widget-text-editor\" data-id=\"7f35d1f\" data-element_type=\"widget\" data-widget_type=\"text-editor.default\">\n\t\t\t\t<div class=\"elementor-widget-container\">\n\t\t\t\t\t\t\t\t\t<p>Wie in vielen Bereichen des Gesundheitswesens kommen viele t\u00fcrkische und ausl\u00e4ndische Patienten aus dem Ausland in unser Land, um sich zahn\u00e4rztlich behandeln zu lassen. Zahnbehandlungen in der T\u00fcrkei werden von erfahrenen \u00c4rzten durchgef\u00fchrt, mit fortschrittlicher Technologie und Servicequalit\u00e4t auf europ\u00e4ischem Niveau, zu viel g\u00fcnstigeren Preisen im Vergleich zu europ\u00e4ischen L\u00e4ndern. In viel k\u00fcrzerer Zeit, w\u00e4hrend Sie im Urlaub sind, werden Ihre Zahnbehandlungen erfolgreich abgeschlossen.<\/p>\n<p>Patienten, die sich \u00fcber die Behandlungspreise informieren m\u00f6chten, bevor sie in unsere Klinik kommen, k\u00f6nnen uns ihre R\u00f6ntgenbilder und Anfragen aus dem Bereich Behandlungsplan auf unserer Website schicken. Als Ergebnis Ihrer R\u00f6ntgenaufnahmen werden Sie so bald wie m\u00f6glich \u00fcber den Behandlungsplan, die Behandlungsdauer und den Gesamtpreis informiert. Nach vorheriger Anmeldung organisieren wir den Transfer unserer Patienten vom Flughafen zu ihren Hotels und Kliniken. Dar\u00fcber hinaus k\u00f6nnen unsere Patienten in unseren Vertragshotels und -appartements mit drei, vier und f\u00fcnf Sternen zu g\u00fcnstigen Preisen \u00fcbernachten.<\/p>\n\t\t\t\t\t\t\t\t<\/div>\n\t\t\t\t<\/div>\n\t\t\t\t<div class=\"elementor-element elementor-element-1a2b2662 sc_fly_static elementor-widget elementor-widget-spacer\" data-id=\"1a2b2662\" data-element_type=\"widget\" data-widget_type=\"spacer.default\">\n\t\t\t\t<div class=\"elementor-widget-container\">\n\t\t\t\t\t\t\t<div class=\"elementor-spacer\">\n\t\t\t<div class=\"elementor-spacer-inner\"><\/div>\n\t\t<\/div>\n\t\t\t\t\t\t<\/div>\n\t\t\t\t<\/div>\n\t\t\t\t\t<\/div>\n\t\t<\/div>\n\t\t\t\t<div class=\"elementor-column elementor-col-50 elementor-top-column elementor-element elementor-element-38a9bf52 sc_content_align_inherit sc_layouts_column_icons_position_left sc_fly_static\" data-id=\"38a9bf52\" data-element_type=\"column\">\n\t\t\t<div class=\"elementor-widget-wrap elementor-element-populated\">\n\t\t\t\t\t\t<section class=\"elementor-section elementor-inner-section elementor-element elementor-element-76c32279 elementor-section-boxed elementor-section-height-default elementor-section-height-default sc_fly_static\" data-id=\"76c32279\" data-element_type=\"section\">\n\t\t\t\t\t\t<div class=\"elementor-container elementor-column-gap-no\">\n\t\t\t\t\t<div class=\"elementor-column elementor-col-50 elementor-inner-column elementor-element elementor-element-3af476c6 sc_content_align_inherit sc_layouts_column_icons_position_left sc_fly_static\" data-id=\"3af476c6\" data-element_type=\"column\">\n\t\t\t<div class=\"elementor-widget-wrap elementor-element-populated\">\n\t\t\t\t\t\t<div class=\"elementor-element elementor-element-4fedfaf5 no-title sc_fly_static elementor-widget elementor-widget-image\" data-id=\"4fedfaf5\" data-element_type=\"widget\" data-widget_type=\"image.default\">\n\t\t\t\t<div class=\"elementor-widget-container\">\n\t\t\t\t\t\t\t\t\t\t\t\t\t\t\t<img decoding=\"async\" src=\"https:\/\/dentinantalya.com\/wp-content\/uploads\/elementor\/thumbs\/about-image3-copyright-qxv83ipotzs550f9yogjg0zkbg7smgr4ymzd1nrdzi.jpg\" title=\"about-image3-copyright\" alt=\"about-image3-copyright\" loading=\"lazy\" \/>\t\t\t\t\t\t\t\t\t\t\t\t\t\t\t<\/div>\n\t\t\t\t<\/div>\n\t\t\t\t\t<\/div>\n\t\t<\/div>\n\t\t\t\t<div class=\"elementor-column elementor-col-50 elementor-inner-column elementor-element elementor-element-6baf4a0c sc_content_align_inherit sc_layouts_column_icons_position_left sc_fly_static\" data-id=\"6baf4a0c\" data-element_type=\"column\">\n\t\t\t<div class=\"elementor-widget-wrap elementor-element-populated\">\n\t\t\t\t\t\t<div class=\"elementor-element elementor-element-637847f9 no-title sc_fly_static elementor-widget elementor-widget-image\" data-id=\"637847f9\" data-element_type=\"widget\" data-widget_type=\"image.default\">\n\t\t\t\t<div class=\"elementor-widget-container\">\n\t\t\t\t\t\t\t\t\t\t\t\t\t\t\t<img decoding=\"async\" src=\"https:\/\/dentinantalya.com\/wp-content\/uploads\/elementor\/thumbs\/about-image2-copyright-qxv83fw7lqcr28h8kfvqqxr354d6orn5exgp643uh8.jpg\" title=\"about-image2-copyright\" alt=\"about-image2-copyright\" loading=\"lazy\" \/>\t\t\t\t\t\t\t\t\t\t\t\t\t\t\t<\/div>\n\t\t\t\t<\/div>\n\t\t\t\t<div class=\"elementor-element elementor-element-5d3a83c9 sc_layouts_hide_on_mobile sc_fly_static elementor-widget elementor-widget-spacer\" data-id=\"5d3a83c9\" data-element_type=\"widget\" data-widget_type=\"spacer.default\">\n\t\t\t\t<div class=\"elementor-widget-container\">\n\t\t\t\t\t\t\t<div class=\"elementor-spacer\">\n\t\t\t<div class=\"elementor-spacer-inner\"><\/div>\n\t\t<\/div>\n\t\t\t\t\t\t<\/div>\n\t\t\t\t<\/div>\n\t\t\t\t\t<\/div>\n\t\t<\/div>\n\t\t\t\t\t<\/div>\n\t\t<\/section>\n\t\t\t\t\t<\/div>\n\t\t<\/div>\n\t\t\t\t\t<\/div>\n\t\t<\/section>\n\t\t\t\t<section class=\"elementor-section elementor-top-section elementor-element elementor-element-58fcdda elementor-section-boxed elementor-section-height-default elementor-section-height-default sc_fly_static\" data-id=\"58fcdda\" data-element_type=\"section\">\n\t\t\t\t\t\t<div class=\"elementor-container elementor-column-gap-extended\">\n\t\t\t\t\t<div class=\"elementor-column elementor-col-100 elementor-top-column elementor-element elementor-element-8a8350e sc_content_align_inherit sc_layouts_column_icons_position_left sc_fly_static\" data-id=\"8a8350e\" data-element_type=\"column\">\n\t\t\t<div class=\"elementor-widget-wrap elementor-element-populated\">\n\t\t\t\t\t\t<div class=\"elementor-element elementor-element-e162b55 sc_height_small sc_fly_static elementor-widget elementor-widget-spacer\" data-id=\"e162b55\" data-element_type=\"widget\" data-widget_type=\"spacer.default\">\n\t\t\t\t<div class=\"elementor-widget-container\">\n\t\t\t\t\t\t\t<div class=\"elementor-spacer\">\n\t\t\t<div class=\"elementor-spacer-inner\"><\/div>\n\t\t<\/div>\n\t\t\t\t\t\t<\/div>\n\t\t\t\t<\/div>\n\t\t\t\t<div class=\"elementor-element elementor-element-c2a6f31 elementor-widget-tablet__width-initial sc_fly_static elementor-widget elementor-widget-text-editor\" data-id=\"c2a6f31\" data-element_type=\"widget\" data-widget_type=\"text-editor.default\">\n\t\t\t\t<div class=\"elementor-widget-container\">\n\t\t\t\t\t\t\t\t\t<p>Alle Verbrauchsmaterialien, Porzellan und Implantate, die wir in unserer Klinik verwenden, sind deutsche und amerikanische Produkte und unterliegen unserer Garantie. Wir gew\u00e4hren eine 5-Jahres-Garantie auf alle Porzellankronen und Prothesen (au\u00dfer bei Bedienungsfehlern) und eine 30-Jahres-Garantie auf Implantate.<\/p>\n<p><strong>Die Behandlungsdauer betr\u00e4gt ca:<\/strong><\/p>\n<ul>\n<li>5-7 Tage f\u00fcr Krone-Br\u00fccke-Zirkonium<\/li>\n<li>5-7 Tage f\u00fcr vollst\u00e4ndige Prothesen<\/li>\n<li>3 Tage f\u00fcr die Implantatoperation<\/li>\n<\/ul>\n<p>Auf der Grundlage unserer 25-j\u00e4hrigen Erfahrung und unseres Labors werden nach Ihrer Zustimmung die \u00e4sthetisch perfektesten Z\u00e4hne angefertigt und angepasst. Durch die Zusammenarbeit des Patienten, des Arztes und des Labortechnikers in jeder Phase der Zahnkonstruktion werden die Z\u00e4hne entstehen, die am besten zu Ihrem Gesicht passen.<\/p>\n<p>Unser Ziel ist es, den Behandlungsprozess effizienter und angenehmer zu gestalten, damit Sie Ihren Jahresurlaub im nat\u00fcrlichen Reichtum von Antalya verbringen und gl\u00fccklich mit sch\u00f6nen und gesunden Z\u00e4hnen nach Hause zur\u00fcckkehren k\u00f6nnen. Unser Slogan: &#8222;IHR L\u00c4CHELN IST UNSER GLAUBEN&#8220;.<\/p>\n<p><strong>Zahn\u00e4rztin Halile KEM\u0130K\u00c7\u0130O\u011eLU<\/strong><\/p>\n<p>Manavgat \/ ANTALYA<\/p>\n\t\t\t\t\t\t\t\t<\/div>\n\t\t\t\t<\/div>\n\t\t\t\t<div class=\"elementor-element elementor-element-bb9753c sc_fly_static elementor-widget elementor-widget-spacer\" data-id=\"bb9753c\" data-element_type=\"widget\" data-widget_type=\"spacer.default\">\n\t\t\t\t<div class=\"elementor-widget-container\">\n\t\t\t\t\t\t\t<div class=\"elementor-spacer\">\n\t\t\t<div class=\"elementor-spacer-inner\"><\/div>\n\t\t<\/div>\n\t\t\t\t\t\t<\/div>\n\t\t\t\t<\/div>\n\t\t\t\t<div class=\"elementor-element elementor-element-d452476 sc_height_small sc_fly_static elementor-widget elementor-widget-spacer\" data-id=\"d452476\" data-element_type=\"widget\" data-widget_type=\"spacer.default\">\n\t\t\t\t<div class=\"elementor-widget-container\">\n\t\t\t\t\t\t\t<div class=\"elementor-spacer\">\n\t\t\t<div class=\"elementor-spacer-inner\"><\/div>\n\t\t<\/div>\n\t\t\t\t\t\t<\/div>\n\t\t\t\t<\/div>\n\t\t\t\t<div class=\"elementor-element elementor-element-9b8ac60 sc_height_huge sc_fly_static elementor-widget elementor-widget-spacer\" data-id=\"9b8ac60\" data-element_type=\"widget\" data-widget_type=\"spacer.default\">\n\t\t\t\t<div class=\"elementor-widget-container\">\n\t\t\t\t\t\t\t<div class=\"elementor-spacer\">\n\t\t\t<div class=\"elementor-spacer-inner\"><\/div>\n\t\t<\/div>\n\t\t\t\t\t\t<\/div>\n\t\t\t\t<\/div>\n\t\t\t\t<div class=\"elementor-element elementor-element-799483a sc_fly_static elementor-widget elementor-widget-spacer\" data-id=\"799483a\" data-element_type=\"widget\" data-widget_type=\"spacer.default\">\n\t\t\t\t<div class=\"elementor-widget-container\">\n\t\t\t\t\t\t\t<div class=\"elementor-spacer\">\n\t\t\t<div class=\"elementor-spacer-inner\"><\/div>\n\t\t<\/div>\n\t\t\t\t\t\t<\/div>\n\t\t\t\t<\/div>\n\t\t\t\t\t<\/div>\n\t\t<\/div>\n\t\t\t\t\t<\/div>\n\t\t<\/section>\n\t\t\t\t<\/div>\n\t\t","protected":false},"excerpt":{"rendered":"<p>\u00dcber uns Antalya ist die Perle des Mittelmeers und das beliebteste Urlaubszentrum. Hier haben Sie die M\u00f6glichkeit, einen wunderbaren Urlaub zu verbringen und sich zahn\u00e4rztlich behandeln zu lassen. Dank unserer&hellip;<\/p>\n","protected":false},"author":1,"featured_media":0,"parent":0,"menu_order":0,"comment_status":"closed","ping_status":"closed","template":"","meta":{"footnotes":""},"class_list":["post-23242","page","type-page","status-publish","hentry"],"_links":{"self":[{"href":"https:\/\/dentinantalya.com\/de\/wp-json\/wp\/v2\/pages\/23242","targetHints":{"allow":["GET"]}}],"collection":[{"href":"https:\/\/dentinantalya.com\/de\/wp-json\/wp\/v2\/pages"}],"about":[{"href":"https:\/\/dentinantalya.com\/de\/wp-json\/wp\/v2\/types\/page"}],"author":[{"embeddable":true,"href":"https:\/\/dentinantalya.com\/de\/wp-json\/wp\/v2\/users\/1"}],"replies":[{"embeddable":true,"href":"https:\/\/dentinantalya.com\/de\/wp-json\/wp\/v2\/comments?post=23242"}],"version-history":[{"count":1,"href":"https:\/\/dentinantalya.com\/de\/wp-json\/wp\/v2\/pages\/23242\/revisions"}],"predecessor-version":[{"id":23255,"href":"https:\/\/dentinantalya.com\/de\/wp-json\/wp\/v2\/pages\/23242\/revisions\/23255"}],"wp:attachment":[{"href":"https:\/\/dentinantalya.com\/de\/wp-json\/wp\/v2\/media?parent=23242"}],"curies":[{"name":"wp","href":"https:\/\/api.w.org\/{rel}","templated":true}]}}