{"id":23237,"date":"2023-01-27T19:07:45","date_gmt":"2023-01-27T19:07:45","guid":{"rendered":"https:\/\/dentinantalya.com\/behandlungsbereiche\/"},"modified":"2025-01-16T13:51:27","modified_gmt":"2025-01-16T13:51:27","slug":"behandlungsbereiche","status":"publish","type":"page","link":"https:\/\/dentinantalya.com\/de\/behandlungsbereiche\/","title":{"rendered":"Behandlungsbereiche"},"content":{"rendered":"\t\t<div data-elementor-type=\"wp-page\" data-elementor-id=\"23237\" class=\"elementor elementor-23237\">\n\t\t\t\t\t\t<section class=\"elementor-section elementor-top-section elementor-element elementor-element-9f869d1 elementor-section-boxed elementor-section-height-default elementor-section-height-default sc_fly_static\" data-id=\"9f869d1\" data-element_type=\"section\">\n\t\t\t\t\t\t<div class=\"elementor-container elementor-column-gap-extended\">\n\t\t\t\t\t<div class=\"elementor-column elementor-col-100 elementor-top-column elementor-element elementor-element-cd6fd84 sc_content_align_inherit sc_layouts_column_icons_position_left sc_fly_static\" data-id=\"cd6fd84\" data-element_type=\"column\">\n\t\t\t<div class=\"elementor-widget-wrap elementor-element-populated\">\n\t\t\t\t\t\t<div class=\"elementor-element elementor-element-587ed9c sc_fly_static elementor-widget elementor-widget-spacer\" data-id=\"587ed9c\" data-element_type=\"widget\" data-widget_type=\"spacer.default\">\n\t\t\t\t<div class=\"elementor-widget-container\">\n\t\t\t\t\t\t\t<div class=\"elementor-spacer\">\n\t\t\t<div class=\"elementor-spacer-inner\"><\/div>\n\t\t<\/div>\n\t\t\t\t\t\t<\/div>\n\t\t\t\t<\/div>\n\t\t\t\t\t<\/div>\n\t\t<\/div>\n\t\t\t\t\t<\/div>\n\t\t<\/section>\n\t\t\t\t<section class=\"elementor-section elementor-top-section elementor-element elementor-element-16c6d19 elementor-section-boxed elementor-section-height-default elementor-section-height-default sc_fly_static\" data-id=\"16c6d19\" data-element_type=\"section\">\n\t\t\t\t\t\t<div class=\"elementor-container elementor-column-gap-extended\">\n\t\t\t\t\t<div class=\"elementor-column elementor-col-100 elementor-top-column elementor-element elementor-element-7504f33 sc_content_align_inherit sc_layouts_column_icons_position_left sc_fly_static\" data-id=\"7504f33\" data-element_type=\"column\">\n\t\t\t<div class=\"elementor-widget-wrap elementor-element-populated\">\n\t\t\t\t\t\t<div class=\"elementor-element elementor-element-a3e84c5 sc_fly_static elementor-widget elementor-widget-heading\" data-id=\"a3e84c5\" data-element_type=\"widget\" data-widget_type=\"heading.default\">\n\t\t\t\t<div class=\"elementor-widget-container\">\n\t\t\t\t\t<h1 class=\"elementor-heading-title elementor-size-default\">Behandlungsbereiche<\/h1>\t\t\t\t<\/div>\n\t\t\t\t<\/div>\n\t\t\t\t\t<\/div>\n\t\t<\/div>\n\t\t\t\t\t<\/div>\n\t\t<\/section>\n\t\t\t\t<section class=\"elementor-section elementor-top-section elementor-element elementor-element-726dde76 elementor-section-boxed elementor-section-height-default elementor-section-height-default sc_fly_static\" data-id=\"726dde76\" data-element_type=\"section\">\n\t\t\t\t\t\t<div class=\"elementor-container elementor-column-gap-extended\">\n\t\t\t\t\t<div class=\"elementor-column elementor-col-100 elementor-top-column elementor-element elementor-element-750b4230 sc_content_align_inherit sc_layouts_column_icons_position_left sc_fly_static\" data-id=\"750b4230\" data-element_type=\"column\">\n\t\t\t<div class=\"elementor-widget-wrap elementor-element-populated\">\n\t\t\t\t\t\t<div class=\"elementor-element elementor-element-64dbf41 sc_height_small sc_fly_static elementor-widget elementor-widget-spacer\" data-id=\"64dbf41\" data-element_type=\"widget\" data-widget_type=\"spacer.default\">\n\t\t\t\t<div class=\"elementor-widget-container\">\n\t\t\t\t\t\t\t<div class=\"elementor-spacer\">\n\t\t\t<div class=\"elementor-spacer-inner\"><\/div>\n\t\t<\/div>\n\t\t\t\t\t\t<\/div>\n\t\t\t\t<\/div>\n\t\t\t\t<div class=\"elementor-element elementor-element-0a8294f sc_fly_static elementor-widget elementor-widget-spacer\" data-id=\"0a8294f\" data-element_type=\"widget\" data-widget_type=\"spacer.default\">\n\t\t\t\t<div class=\"elementor-widget-container\">\n\t\t\t\t\t\t\t<div class=\"elementor-spacer\">\n\t\t\t<div class=\"elementor-spacer-inner\"><\/div>\n\t\t<\/div>\n\t\t\t\t\t\t<\/div>\n\t\t\t\t<\/div>\n\t\t\t\t<section class=\"elementor-section elementor-inner-section elementor-element elementor-element-37efd10c elementor-section-boxed elementor-section-height-default elementor-section-height-default sc_fly_static\" data-id=\"37efd10c\" data-element_type=\"section\">\n\t\t\t\t\t\t<div class=\"elementor-container elementor-column-gap-no\">\n\t\t\t\t\t<div class=\"elementor-column elementor-col-100 elementor-inner-column elementor-element elementor-element-438d03cb sc_content_align_inherit sc_layouts_column_icons_position_left sc_fly_static\" data-id=\"438d03cb\" data-element_type=\"column\">\n\t\t\t<div class=\"elementor-widget-wrap elementor-element-populated\">\n\t\t\t\t\t\t<div class=\"elementor-element elementor-element-4996b172 sc_fly_static elementor-widget elementor-widget-trx_sc_icons\" data-id=\"4996b172\" data-element_type=\"widget\" data-widget_type=\"trx_sc_icons.default\">\n\t\t\t\t<div class=\"elementor-widget-container\">\n\t\t\t\t\t<div \tclass=\"sc_icons color_style_link2 sc_icons_rounded sc_icons_size_large sc_align_center\" ><div class=\"sc_icons_columns_wrap sc_item_columns trx_addons_columns_wrap columns_padding_bottom\" ><div class=\"trx_addons_column-1_4 trx_addons_column-1_2-mobile\"><div class=\"sc_icons_item sc_icons_item_linked\"><div class=\"sc_icons_icon sc_icon_type_ icon-new-dental-implant\" ><span class=\"sc_icon_type_ icon-new-dental-implant\"><\/span><\/div><div class=\"sc_icons_item_details\"><h4 class=\"sc_icons_item_title\"><a href=\"https:\/\/dentinantalya.com\/de\/services\/implant\/\">\r\n                                    Implantat                                    <\/a><\/h4><a href=\"https:\/\/dentinantalya.com\/de\/services\/implant\/\"\r\n                        class=\"sc_icons_item_link\">\r\n                        <\/a><\/div><\/div><\/div><div class=\"trx_addons_column-1_4 trx_addons_column-1_2-mobile\"><div class=\"sc_icons_item sc_icons_item_linked\"><div class=\"sc_icons_icon sc_icon_type_ icon-new-dental-hygiene\" ><span class=\"sc_icon_type_ icon-new-dental-hygiene\"><\/span><\/div><div class=\"sc_icons_item_details\"><h4 class=\"sc_icons_item_title\"><a href=\"https:\/\/dentinantalya.com\/de\/services\/aesthetische-zahnmedizin\/\">\r\n                                    \u00c4sthetik                                     <\/a><a href=\"https:\/\/dentinantalya.com\/de\/services\/aesthetische-zahnmedizin\/\">\r\n                                     Zahnmedizin                                    <\/a><\/h4><a href=\"https:\/\/dentinantalya.com\/de\/services\/aesthetische-zahnmedizin\/\"\r\n                        class=\"sc_icons_item_link\">\r\n                        <\/a><\/div><\/div><\/div><div class=\"trx_addons_column-1_4 trx_addons_column-1_2-mobile\"><div class=\"sc_icons_item sc_icons_item_linked\"><div class=\"sc_icons_icon sc_icon_type_ icon-new-tooth-hygiene\" ><span class=\"sc_icon_type_ icon-new-tooth-hygiene\"><\/span><\/div><div class=\"sc_icons_item_details\"><h4 class=\"sc_icons_item_title\"><a href=\"https:\/\/dentinantalya.com\/de\/services\/smile-design\/\">\r\n                                    L\u00e4cheln Design                                    <\/a><\/h4><a href=\"https:\/\/dentinantalya.com\/de\/services\/smile-design\/\"\r\n                        class=\"sc_icons_item_link\">\r\n                        <\/a><\/div><\/div><\/div><div class=\"trx_addons_column-1_4 trx_addons_column-1_2-mobile\"><div class=\"sc_icons_item sc_icons_item_linked\"><div class=\"sc_icons_icon sc_icon_type_ icon-new-dental-filling\" ><span class=\"sc_icon_type_ icon-new-dental-filling\"><\/span><\/div><div class=\"sc_icons_item_details\"><h4 class=\"sc_icons_item_title\"><a href=\"https:\/\/dentinantalya.com\/de\/services\/laminierte-furniere\/\">\r\n                                    Laminat-Furniere                                    <\/a><\/h4><a href=\"https:\/\/dentinantalya.com\/de\/services\/laminierte-furniere\/\"\r\n                        class=\"sc_icons_item_link\">\r\n                        <\/a><\/div><\/div><\/div><div class=\"trx_addons_column-1_4 trx_addons_column-1_2-mobile\"><div class=\"sc_icons_item sc_icons_item_linked\"><div class=\"sc_icons_icon sc_icon_type_ icon-new-dental-crown\" ><span class=\"sc_icon_type_ icon-new-dental-crown\"><\/span><\/div><div class=\"sc_icons_item_details\"><h4 class=\"sc_icons_item_title\"><a href=\"https:\/\/dentinantalya.com\/de\/services\/was-ist-zirconium\/\">\r\n                                    Zirkonium                                    <\/a><\/h4><a href=\"https:\/\/dentinantalya.com\/de\/services\/was-ist-zirconium\/\"\r\n                        class=\"sc_icons_item_link\">\r\n                        <\/a><\/div><\/div><\/div><div class=\"trx_addons_column-1_4 trx_addons_column-1_2-mobile\"><div class=\"sc_icons_item sc_icons_item_linked\"><div class=\"sc_icons_icon sc_icon_type_ icon-new-diamond\" ><span class=\"sc_icon_type_ icon-new-diamond\"><\/span><\/div><div class=\"sc_icons_item_details\"><h4 class=\"sc_icons_item_title\"><a href=\"https:\/\/dentinantalya.com\/de\/services\/prothesenanwendungen\/\">\r\n                                    Prothesen-Anwendungen                                    <\/a><\/h4><a href=\"https:\/\/dentinantalya.com\/de\/services\/prothesenanwendungen\/\"\r\n                        class=\"sc_icons_item_link\">\r\n                        <\/a><\/div><\/div><\/div><div class=\"trx_addons_column-1_4 trx_addons_column-1_2-mobile\"><div class=\"sc_icons_item sc_icons_item_linked\"><div class=\"sc_icons_icon sc_icon_type_ icon-new-dental-hygiene\" ><span class=\"sc_icon_type_ icon-new-dental-hygiene\"><\/span><\/div><div class=\"sc_icons_item_details\"><h4 class=\"sc_icons_item_title\"><a href=\"https:\/\/dentinantalya.com\/de\/services\/metallgestuetzte-porzellankronen\/\">\r\n                                    Metallgest\u00fctzte Porzellankronen                                    <\/a><\/h4><a href=\"https:\/\/dentinantalya.com\/de\/services\/metallgestuetzte-porzellankronen\/\"\r\n                        class=\"sc_icons_item_link\">\r\n                        <\/a><\/div><\/div><\/div><div class=\"trx_addons_column-1_4 trx_addons_column-1_2-mobile\"><div class=\"sc_icons_item sc_icons_item_linked\"><div class=\"sc_icons_icon sc_icon_type_ icon-new-tooth-hygiene\" ><span class=\"sc_icon_type_ icon-new-tooth-hygiene\"><\/span><\/div><div class=\"sc_icons_item_details\"><h4 class=\"sc_icons_item_title\"><a href=\"https:\/\/dentinantalya.com\/de\/services\/diastema-verschluss\/\">\r\n                                    Diastema-Verschluss                                    <\/a><\/h4><a href=\"https:\/\/dentinantalya.com\/de\/services\/diastema-verschluss\/\"\r\n                        class=\"sc_icons_item_link\">\r\n                        <\/a><\/div><\/div><\/div><div class=\"trx_addons_column-1_4 trx_addons_column-1_2-mobile\"><div class=\"sc_icons_item sc_icons_item_linked\"><div class=\"sc_icons_icon sc_icon_type_ icon-new-tooth-extraction\" ><span class=\"sc_icon_type_ icon-new-tooth-extraction\"><\/span><\/div><div class=\"sc_icons_item_details\"><h4 class=\"sc_icons_item_title\"><a href=\"https:\/\/dentinantalya.com\/de\/services\/bleaching\/\">\r\n                                    Bleichen                                    <\/a><\/h4><a href=\"https:\/\/dentinantalya.com\/de\/services\/bleaching\/\"\r\n                        class=\"sc_icons_item_link\">\r\n                        <\/a><\/div><\/div><\/div><div class=\"trx_addons_column-1_4 trx_addons_column-1_2-mobile\"><div class=\"sc_icons_item sc_icons_item_linked\"><div class=\"sc_icons_icon sc_icon_type_ icon-new-dental-implant\" ><span class=\"sc_icon_type_ icon-new-dental-implant\"><\/span><\/div><div class=\"sc_icons_item_details\"><h4 class=\"sc_icons_item_title\"><a href=\"https:\/\/dentinantalya.com\/de\/services\/behandlung-und-endodontie\/\">\r\n                                    Behandlung und Endodontie                                    <\/a><\/h4><a href=\"https:\/\/dentinantalya.com\/de\/services\/behandlung-und-endodontie\/\"\r\n                        class=\"sc_icons_item_link\">\r\n                        <\/a><\/div><\/div><\/div><div class=\"trx_addons_column-1_4 trx_addons_column-1_2-mobile\"><div class=\"sc_icons_item sc_icons_item_linked\"><div class=\"sc_icons_icon sc_icon_type_ icon-new-dental-care2\" ><span class=\"sc_icon_type_ icon-new-dental-care2\"><\/span><\/div><div class=\"sc_icons_item_details\"><h4 class=\"sc_icons_item_title\"><a href=\"https:\/\/dentinantalya.com\/de\/services\/zahnbehandlungen\/\">\r\n                                    Zahn\u00e4rztliche Behandlungen                                    <\/a><\/h4><a href=\"https:\/\/dentinantalya.com\/de\/services\/zahnbehandlungen\/\"\r\n                        class=\"sc_icons_item_link\">\r\n                        <\/a><\/div><\/div><\/div><div class=\"trx_addons_column-1_4 trx_addons_column-1_2-mobile\"><div class=\"sc_icons_item sc_icons_item_linked\"><div class=\"sc_icons_icon sc_icon_type_ icon-new-dental-filling\" ><span class=\"sc_icon_type_ icon-new-dental-filling\"><\/span><\/div><div class=\"sc_icons_item_details\"><h4 class=\"sc_icons_item_title\"><a href=\"https:\/\/dentinantalya.com\/de\/services\/teilprothesen\/\">\r\n                                    Teilweiser Zahnersatz                                    <\/a><\/h4><a href=\"https:\/\/dentinantalya.com\/de\/services\/teilprothesen\/\"\r\n                        class=\"sc_icons_item_link\">\r\n                        <\/a><\/div><\/div><\/div><\/div><\/div><!-- \/.sc_icons -->\t\t\t\t<\/div>\n\t\t\t\t<\/div>\n\t\t\t\t\t<\/div>\n\t\t<\/div>\n\t\t\t\t\t<\/div>\n\t\t<\/section>\n\t\t\t\t<div class=\"elementor-element elementor-element-3054c2d sc_fly_static elementor-widget elementor-widget-spacer\" data-id=\"3054c2d\" data-element_type=\"widget\" data-widget_type=\"spacer.default\">\n\t\t\t\t<div class=\"elementor-widget-container\">\n\t\t\t\t\t\t\t<div class=\"elementor-spacer\">\n\t\t\t<div class=\"elementor-spacer-inner\"><\/div>\n\t\t<\/div>\n\t\t\t\t\t\t<\/div>\n\t\t\t\t<\/div>\n\t\t\t\t\t<\/div>\n\t\t<\/div>\n\t\t\t\t\t<\/div>\n\t\t<\/section>\n\t\t\t\t<\/div>\n\t\t","protected":false},"excerpt":{"rendered":"<p>Behandlungsbereiche Implantat \u00c4sthetik Zahnmedizin L\u00e4cheln Design Laminat-Furniere Zirkonium Prothesen-Anwendungen Metallgest\u00fctzte Porzellankronen Diastema-Verschluss Bleichen Behandlung und Endodontie Zahn\u00e4rztliche Behandlungen Teilweiser Zahnersatz<\/p>\n","protected":false},"author":1,"featured_media":0,"parent":0,"menu_order":0,"comment_status":"closed","ping_status":"closed","template":"","meta":{"footnotes":""},"class_list":["post-23237","page","type-page","status-publish","hentry"],"_links":{"self":[{"href":"https:\/\/dentinantalya.com\/de\/wp-json\/wp\/v2\/pages\/23237","targetHints":{"allow":["GET"]}}],"collection":[{"href":"https:\/\/dentinantalya.com\/de\/wp-json\/wp\/v2\/pages"}],"about":[{"href":"https:\/\/dentinantalya.com\/de\/wp-json\/wp\/v2\/types\/page"}],"author":[{"embeddable":true,"href":"https:\/\/dentinantalya.com\/de\/wp-json\/wp\/v2\/users\/1"}],"replies":[{"embeddable":true,"href":"https:\/\/dentinantalya.com\/de\/wp-json\/wp\/v2\/comments?post=23237"}],"version-history":[{"count":4,"href":"https:\/\/dentinantalya.com\/de\/wp-json\/wp\/v2\/pages\/23237\/revisions"}],"predecessor-version":[{"id":23721,"href":"https:\/\/dentinantalya.com\/de\/wp-json\/wp\/v2\/pages\/23237\/revisions\/23721"}],"wp:attachment":[{"href":"https:\/\/dentinantalya.com\/de\/wp-json\/wp\/v2\/media?parent=23237"}],"curies":[{"name":"wp","href":"https:\/\/api.w.org\/{rel}","templated":true}]}}